{"id":18843,"date":"2024-01-03T07:43:20","date_gmt":"2024-01-03T07:43:20","guid":{"rendered":"https:\/\/toyman.com.tr\/urun\/multi-cap-2-meme-uc-somunu\/"},"modified":"2024-06-27T05:29:02","modified_gmt":"2024-06-27T05:29:02","slug":"cabezal-portaboquillas-multi-cap-2","status":"publish","type":"product","link":"https:\/\/toyman.com.tr\/es\/urun\/cabezal-portaboquillas-multi-cap-2\/","title":{"rendered":"CABEZAL PORTABOQUILLAS <br>MULTI-CAP 2"},"content":{"rendered":"<table width=\"720\">\n<tbody>\n<tr>\n<td width=\"130\">C\u00d3DIGO<\/td>\n<td width=\"130\">Kit Con Junta (EPDM)<\/td>\n<td width=\"25\">Color<\/td>\n<td width=\"350\">Para uso con boquillas (S\u00f3lo Para Referencia)<\/td>\n<\/tr>\n<tr>\n<td width=\"130\"><strong>07040004K<\/strong><\/td>\n<td width=\"166\"><strong>07040004KE<\/strong><\/td>\n<td width=\"170\">Rojo<\/td>\n<td rowspan=\"5\" width=\"254\"><strong>Lechler\u00ae\u00a0<\/strong>\u00a0\u00a0\u00a0 LU \/\u00a0 Serie 652 \/ Serie ID<br \/>\n<strong>TeeJet\u00ae<\/strong>\u00a0\u00a0\u00a0\u00a0\u00a0\u00a0 Flat fan tips \/ Std.-0067 -08 \/ XR -01 -06 \/ DG -015 -05 \/ AI<br \/>\n<strong>Albuz\u00ae<\/strong>\u00a0 \u00a0 \u00a0 API \/ ADI \/ AXI \/ APE-EXA \/ AVI \/ APM-EXA<br \/>\n<strong>Lurmark\u00ae<\/strong>\u00a0 Flat fan tips &#8211; Air Mix<br \/>\n<strong>ASJ\u00ae<\/strong>\u00a0 \u00a0AFC \/ BX \/ CFA \/ CFA-U \/ CFA-T \/ ATC \/ EF \/ FF \/ SF \/ LD \/ LDC \/ PSP \/ SFA \/ TFA \/ TFLD \/ TFS \/ WR \/ WRC \/ AOC \/ ATP<\/td>\n<\/tr>\n<tr>\n<td width=\"130\"><strong>07040004S<\/strong><\/td>\n<td width=\"166\"><strong>07040004SE<\/strong><\/td>\n<td width=\"170\">Amarillo<\/td>\n<\/tr>\n<tr>\n<td width=\"130\"><strong>07040004M<\/strong><\/td>\n<td width=\"166\"><strong>07040004ME<\/strong><\/td>\n<td width=\"170\">Azul<\/td>\n<\/tr>\n<tr>\n<td width=\"130\"><strong>07040004Y<\/strong><\/td>\n<td width=\"166\"><strong>07040004YE<\/strong><\/td>\n<td width=\"170\">Verde<\/td>\n<\/tr>\n<tr>\n<td width=\"130\"><strong>07040004B<\/strong><\/td>\n<td width=\"166\"><strong>07040004BE<\/strong><\/td>\n<td width=\"170\">Marr\u00f3n<\/td>\n<\/tr>\n<\/tbody>\n<\/table>\n","protected":false},"excerpt":{"rendered":"<p>\u2022 Multi-Cap 2 utilizable con la mayor\u00eda de las boquillas existes en el mercado<br \/>\n\u2022 Permite alojar todos los tipos de boquillas con \u00d88, \u00d810 e \u00d811 mm<br \/>\n\u2022 Un solo cabezal para sus boquillas!<\/p>\n<p>A pedido est\u00e1n disponibles otros colores<\/p>\n","protected":false},"featured_media":13524,"comment_status":"open","ping_status":"closed","template":"","meta":{"_acf_changed":false},"product_cat":[119],"product_tag":[],"class_list":{"0":"post-18843","1":"product","2":"type-product","3":"status-publish","4":"has-post-thumbnail","6":"product_cat-boquillas-y-accesorios","8":"first","9":"instock","10":"shipping-taxable","11":"product-type-simple"},"acf":[],"_links":{"self":[{"href":"https:\/\/toyman.com.tr\/es\/wp-json\/wp\/v2\/product\/18843","targetHints":{"allow":["GET"]}}],"collection":[{"href":"https:\/\/toyman.com.tr\/es\/wp-json\/wp\/v2\/product"}],"about":[{"href":"https:\/\/toyman.com.tr\/es\/wp-json\/wp\/v2\/types\/product"}],"replies":[{"embeddable":true,"href":"https:\/\/toyman.com.tr\/es\/wp-json\/wp\/v2\/comments?post=18843"}],"version-history":[{"count":1,"href":"https:\/\/toyman.com.tr\/es\/wp-json\/wp\/v2\/product\/18843\/revisions"}],"predecessor-version":[{"id":18853,"href":"https:\/\/toyman.com.tr\/es\/wp-json\/wp\/v2\/product\/18843\/revisions\/18853"}],"wp:featuredmedia":[{"embeddable":true,"href":"https:\/\/toyman.com.tr\/es\/wp-json\/wp\/v2\/media\/13524"}],"wp:attachment":[{"href":"https:\/\/toyman.com.tr\/es\/wp-json\/wp\/v2\/media?parent=18843"}],"wp:term":[{"taxonomy":"product_cat","embeddable":true,"href":"https:\/\/toyman.com.tr\/es\/wp-json\/wp\/v2\/product_cat?post=18843"},{"taxonomy":"product_tag","embeddable":true,"href":"https:\/\/toyman.com.tr\/es\/wp-json\/wp\/v2\/product_tag?post=18843"}],"curies":[{"name":"wp","href":"https:\/\/api.w.org\/{rel}","templated":true}]}}