{"id":18877,"date":"2024-01-04T14:01:19","date_gmt":"2024-01-04T14:01:19","guid":{"rendered":"https:\/\/toyman.com.tr\/urun\/kelepceli-meme\/"},"modified":"2024-06-11T07:37:54","modified_gmt":"2024-06-11T07:37:54","slug":"con-abrazaderas-de-montaje","status":"publish","type":"product","link":"https:\/\/toyman.com.tr\/es\/urun\/con-abrazaderas-de-montaje\/","title":{"rendered":"CON ABRAZADERAS DE MONTAJE"},"content":{"rendered":"<table width=\"317\">\n<tbody>\n<tr>\n<td colspan=\"2\" width=\"128\"><\/td>\n<td width=\"189\">C\u00d3DIGO<\/td>\n<\/tr>\n<tr>\n<td colspan=\"2\" width=\"128\">\u00d8 1,0<\/td>\n<td><strong>07002700A<\/strong><\/td>\n<\/tr>\n<tr>\n<td colspan=\"2\" width=\"128\">\u00d8 1,2<\/td>\n<td><strong>07002700B<\/strong><\/td>\n<\/tr>\n<tr>\n<td colspan=\"2\" width=\"128\">\u00d8 1,5<\/td>\n<td><strong>07002700C<\/strong><\/td>\n<\/tr>\n<tr>\n<td colspan=\"2\" width=\"128\"><\/td>\n<td><\/td>\n<\/tr>\n<\/tbody>\n<\/table>\n","protected":false},"excerpt":{"rendered":"<p>C\u00d3DIGO \u00d8 1,0 07002700A \u00d8 1,2 07002700B \u00d8 1,5 07002700C<\/p>\n","protected":false},"featured_media":13578,"comment_status":"open","ping_status":"closed","template":"","meta":{"_acf_changed":false},"product_cat":[119],"product_tag":[],"class_list":{"0":"post-18877","1":"product","2":"type-product","3":"status-publish","4":"has-post-thumbnail","6":"product_cat-boquillas-y-accesorios","8":"first","9":"instock","10":"shipping-taxable","11":"product-type-simple"},"acf":[],"_links":{"self":[{"href":"https:\/\/toyman.com.tr\/es\/wp-json\/wp\/v2\/product\/18877","targetHints":{"allow":["GET"]}}],"collection":[{"href":"https:\/\/toyman.com.tr\/es\/wp-json\/wp\/v2\/product"}],"about":[{"href":"https:\/\/toyman.com.tr\/es\/wp-json\/wp\/v2\/types\/product"}],"replies":[{"embeddable":true,"href":"https:\/\/toyman.com.tr\/es\/wp-json\/wp\/v2\/comments?post=18877"}],"version-history":[{"count":1,"href":"https:\/\/toyman.com.tr\/es\/wp-json\/wp\/v2\/product\/18877\/revisions"}],"predecessor-version":[{"id":18884,"href":"https:\/\/toyman.com.tr\/es\/wp-json\/wp\/v2\/product\/18877\/revisions\/18884"}],"wp:featuredmedia":[{"embeddable":true,"href":"https:\/\/toyman.com.tr\/es\/wp-json\/wp\/v2\/media\/13578"}],"wp:attachment":[{"href":"https:\/\/toyman.com.tr\/es\/wp-json\/wp\/v2\/media?parent=18877"}],"wp:term":[{"taxonomy":"product_cat","embeddable":true,"href":"https:\/\/toyman.com.tr\/es\/wp-json\/wp\/v2\/product_cat?post=18877"},{"taxonomy":"product_tag","embeddable":true,"href":"https:\/\/toyman.com.tr\/es\/wp-json\/wp\/v2\/product_tag?post=18877"}],"curies":[{"name":"wp","href":"https:\/\/api.w.org\/{rel}","templated":true}]}}