{"id":18937,"date":"2023-12-14T07:40:04","date_gmt":"2023-12-14T07:40:04","guid":{"rendered":"https:\/\/toyman.com.tr\/urun\/anemos-250-aluminyum-pervane-duz-8-kanat\/"},"modified":"2024-06-11T13:26:04","modified_gmt":"2024-06-11T13:26:04","slug":"anemos-250-ventilador-con-nucleo-de-aluminio-2","status":"publish","type":"product","link":"https:\/\/toyman.com.tr\/es\/urun\/anemos-250-ventilador-con-nucleo-de-aluminio-2\/","title":{"rendered":"ANEMOS 250 VENTILADOR CON N\u00daCLEO DE ALUMINIO"},"content":{"rendered":"<table width=\"387\">\n<tbody>\n<tr>\n<td width=\"140\">C\u00d3DIGO<\/td>\n<td width=\"64\">D<\/td>\n<td width=\"64\">\u00c1ngulo<\/td>\n<td width=\"64\">Direcci\u00f3n<\/td>\n<td width=\"64\">Color<\/td>\n<\/tr>\n<tr>\n<td width=\"131\"><strong>KA1AP08CW3028K<\/strong><\/td>\n<td rowspan=\"3\" width=\"64\">28&#8243;<\/td>\n<td width=\"64\">30\u00b0<\/td>\n<td rowspan=\"9\" width=\"64\">Izquierda<\/td>\n<td rowspan=\"18\" width=\"64\">Rojo<\/td>\n<\/tr>\n<tr>\n<td width=\"131\"><strong>KA1AP08CW4528K<\/strong><\/td>\n<td width=\"64\">45\u00b0<\/td>\n<\/tr>\n<tr>\n<td width=\"131\"><strong>KA1AP08CW6028K<\/strong><\/td>\n<td width=\"64\">60\u00b0<\/td>\n<\/tr>\n<tr>\n<td width=\"131\"><strong>KA1AP08CW3032K<\/strong><\/td>\n<td rowspan=\"3\" width=\"64\">32&#8243;<\/td>\n<td width=\"64\">30\u00b0<\/td>\n<\/tr>\n<tr>\n<td width=\"131\"><strong>KA1AP08CW4532K<\/strong><\/td>\n<td width=\"64\">45\u00b0<\/td>\n<\/tr>\n<tr>\n<td width=\"131\"><strong>KA1AP08CW6032K<\/strong><\/td>\n<td width=\"64\">60\u00b0<\/td>\n<\/tr>\n<tr>\n<td width=\"131\"><strong>KA1AP08CW3036K<\/strong><\/td>\n<td rowspan=\"3\" width=\"64\">36&#8243;<\/td>\n<td width=\"64\">30\u00b0<\/td>\n<\/tr>\n<tr>\n<td width=\"131\"><strong>KA1AP08CW4536K<\/strong><\/td>\n<td width=\"64\">45\u00b0<\/td>\n<\/tr>\n<tr>\n<td width=\"131\"><strong>KA1AP08CW6036K<\/strong><\/td>\n<td width=\"64\">60\u00b0<\/td>\n<\/tr>\n<tr>\n<td width=\"131\"><strong>KA1AP08C3028K<\/strong><\/td>\n<td rowspan=\"3\" width=\"64\">28&#8243;<\/td>\n<td width=\"64\">30\u00b0<\/td>\n<td rowspan=\"9\" width=\"64\">Derecha<\/td>\n<\/tr>\n<tr>\n<td width=\"131\"><strong>KA1AP08C4528K<\/strong><\/td>\n<td width=\"64\">45\u00b0<\/td>\n<\/tr>\n<tr>\n<td width=\"131\"><strong>KA1AP08C6028K<\/strong><\/td>\n<td width=\"64\">60\u00b0<\/td>\n<\/tr>\n<tr>\n<td width=\"131\"><strong>KA1AP08C3032K<\/strong><\/td>\n<td rowspan=\"3\" width=\"64\">32&#8243;<\/td>\n<td width=\"64\">30\u00b0<\/td>\n<\/tr>\n<tr>\n<td width=\"131\"><strong>KA1AP08C4532K<\/strong><\/td>\n<td width=\"64\">45\u00b0<\/td>\n<\/tr>\n<tr>\n<td width=\"131\"><strong>KA1AP08C6032K<\/strong><\/td>\n<td width=\"64\">60\u00b0<\/td>\n<\/tr>\n<tr>\n<td width=\"131\"><strong>KA1AP08C3036K<\/strong><\/td>\n<td rowspan=\"3\" width=\"64\">36&#8243;<\/td>\n<td width=\"64\">30\u00b0<\/td>\n<\/tr>\n<tr>\n<td width=\"131\"><strong>KA1AP08C4536K<\/strong><\/td>\n<td width=\"64\">45\u00b0<\/td>\n<\/tr>\n<tr>\n<td width=\"131\"><strong>KA1AP08C6036K<\/strong><\/td>\n<td width=\"64\">60\u00b0<\/td>\n<\/tr>\n<\/tbody>\n<\/table>\n","protected":false},"excerpt":{"rendered":"<p>\u2022 N\u00facleo de aliminio y aletas de polimiada reforzada con fibra de vidrio<br \/>\n\u2022 Opci\u00f3nes de \u00e1ngulos 30\u00b0 \/ 45\u00b0 \/ 60\u00b0<br \/>\n\u2022 La direcci\u00f3n de giro: Izquierda &#8211; Derecha<br \/>\n\u2022 La potencia m\u00e1xima del tractor 55 &#8211; 95 HP<\/p>\n<table width=\"296\">\n<tbody>\n<tr>\n<td width=\"132\"><\/td>\n<td width=\"164\"><\/td>\n<\/tr>\n<tr>\n<td width=\"132\"><strong>Di\u00e1metro<\/strong><\/td>\n<td width=\"164\">28&#8243;, 32&#8243;, 36&#8243;<\/td>\n<\/tr>\n<tr>\n<td width=\"132\"><strong>Tipo de Aletas<\/strong><\/td>\n<td width=\"164\">Tipo 1<\/td>\n<\/tr>\n<tr>\n<td width=\"132\"><strong>Di\u00e1metro de N\u00facleo<\/strong><\/td>\n<td width=\"164\">250 mm<\/td>\n<\/tr>\n<tr>\n<td width=\"132\"><\/td>\n<td width=\"164\"><\/td>\n<\/tr>\n<\/tbody>\n<\/table>\n<p><strong>Disponibles las dimensiones entre min. \u00d8 700 mm &#8211; max. \u00d8 950 mm. P\u00f3ngase en contacto con nuestra empresa para otras opciones de color y tama\u00f1o.<\/strong><\/p>\n","protected":false},"featured_media":12948,"comment_status":"open","ping_status":"closed","template":"","meta":{"_acf_changed":false},"product_cat":[120],"product_tag":[],"class_list":{"0":"post-18937","1":"product","2":"type-product","3":"status-publish","4":"has-post-thumbnail","6":"product_cat-accesorios-para-atomizadores","8":"first","9":"instock","10":"shipping-taxable","11":"product-type-simple"},"acf":[],"_links":{"self":[{"href":"https:\/\/toyman.com.tr\/es\/wp-json\/wp\/v2\/product\/18937","targetHints":{"allow":["GET"]}}],"collection":[{"href":"https:\/\/toyman.com.tr\/es\/wp-json\/wp\/v2\/product"}],"about":[{"href":"https:\/\/toyman.com.tr\/es\/wp-json\/wp\/v2\/types\/product"}],"replies":[{"embeddable":true,"href":"https:\/\/toyman.com.tr\/es\/wp-json\/wp\/v2\/comments?post=18937"}],"version-history":[{"count":1,"href":"https:\/\/toyman.com.tr\/es\/wp-json\/wp\/v2\/product\/18937\/revisions"}],"predecessor-version":[{"id":18938,"href":"https:\/\/toyman.com.tr\/es\/wp-json\/wp\/v2\/product\/18937\/revisions\/18938"}],"wp:featuredmedia":[{"embeddable":true,"href":"https:\/\/toyman.com.tr\/es\/wp-json\/wp\/v2\/media\/12948"}],"wp:attachment":[{"href":"https:\/\/toyman.com.tr\/es\/wp-json\/wp\/v2\/media?parent=18937"}],"wp:term":[{"taxonomy":"product_cat","embeddable":true,"href":"https:\/\/toyman.com.tr\/es\/wp-json\/wp\/v2\/product_cat?post=18937"},{"taxonomy":"product_tag","embeddable":true,"href":"https:\/\/toyman.com.tr\/es\/wp-json\/wp\/v2\/product_tag?post=18937"}],"curies":[{"name":"wp","href":"https:\/\/api.w.org\/{rel}","templated":true}]}}