{"id":18939,"date":"2023-12-14T07:48:34","date_gmt":"2023-12-14T07:48:34","guid":{"rendered":"https:\/\/toyman.com.tr\/urun\/anemos-330-aluminyum-pervane-duz\/"},"modified":"2024-06-11T13:35:05","modified_gmt":"2024-06-11T13:35:05","slug":"anemos-330-ventilador-con-nucleo-de-aluminio","status":"publish","type":"product","link":"https:\/\/toyman.com.tr\/es\/urun\/anemos-330-ventilador-con-nucleo-de-aluminio\/","title":{"rendered":"ANEMOS 330 VENTILADOR CON N\u00daCLEO DE ALUMINIO"},"content":{"rendered":"<table width=\"629\">\n<tbody>\n<tr>\n<td width=\"140\">C\u00d3DIGO<\/td>\n<td width=\"140\">Con Embrague<\/td>\n<td width=\"64\">D<\/td>\n<td width=\"64\">\u00c1ngulo<\/td>\n<td width=\"64\">Direcci\u00f3n<\/td>\n<td width=\"64\">Color<\/td>\n<\/tr>\n<tr>\n<td width=\"136\"><strong>BA1AP10CW3041T<\/strong><\/td>\n<td width=\"126\"><strong>BA1AP10CW3041TC<\/strong><\/td>\n<td rowspan=\"6\" width=\"64\">41&#8243;<\/td>\n<td width=\"64\">30\u00b0<\/td>\n<td rowspan=\"6\" width=\"175\">Izquierda<\/td>\n<td rowspan=\"3\" width=\"64\">Naranja<\/td>\n<\/tr>\n<tr>\n<td width=\"136\"><strong>BA1AP10CW4541T<\/strong><\/td>\n<td width=\"126\"><strong>BA1AP10CW4541TC<\/strong><\/td>\n<td width=\"64\">45\u00b0<\/td>\n<\/tr>\n<tr>\n<td width=\"136\"><strong>BA1AP10CW6041T<\/strong><\/td>\n<td width=\"126\"><strong>BA1AP10CW6041TC<\/strong><\/td>\n<td width=\"64\">60\u00b0<\/td>\n<\/tr>\n<tr>\n<td width=\"136\"><strong>BA1AP10CW3041B<\/strong><\/td>\n<td width=\"126\"><strong>BA1AP10CW3041BC<\/strong><\/td>\n<td width=\"64\">30\u00b0<\/td>\n<td rowspan=\"3\" width=\"64\">Negro<\/td>\n<\/tr>\n<tr>\n<td width=\"136\"><strong>BA1AP10CW4541B<\/strong><\/td>\n<td width=\"126\"><strong>BA1AP10CW4541BC<\/strong><\/td>\n<td width=\"64\">45\u00b0<\/td>\n<\/tr>\n<tr>\n<td width=\"136\"><strong>BA1AP10CW6041B<\/strong><\/td>\n<td width=\"126\"><strong>BA1AP10CW6041BC<\/strong><\/td>\n<td width=\"64\">60\u00b0<\/td>\n<\/tr>\n<\/tbody>\n<\/table>\n","protected":false},"excerpt":{"rendered":"<p>\u2022 N\u00facleo de aliminio y aletas de polimiada reforzada con fibra de vidrio<br \/>\n\u2022 Opci\u00f3nes de \u00e1ngulos 30\u00b0 \/ 45\u00b0 \/ 60\u00b0<br \/>\n\u2022 La direcci\u00f3n de giro: Izquierda<br \/>\n\u2022 La potencia m\u00e1xima del tractor 55 &#8211; 95 HP<\/p>\n<table width=\"296\">\n<tbody>\n<tr>\n<td width=\"132\"><\/td>\n<td width=\"164\"><\/td>\n<\/tr>\n<tr>\n<td width=\"132\"><strong>Di\u00e1metro<\/strong><\/td>\n<td width=\"164\">41&#8243;<\/td>\n<\/tr>\n<tr>\n<td width=\"132\"><strong>Tipo de Aletas<\/strong><\/td>\n<td width=\"164\">Tipo 1<\/td>\n<\/tr>\n<tr>\n<td width=\"132\"><strong>Di\u00e1metro de N\u00facleo<\/strong><\/td>\n<td width=\"164\">330 mm<\/td>\n<\/tr>\n<tr>\n<td width=\"132\"><\/td>\n<td width=\"164\"><\/td>\n<\/tr>\n<\/tbody>\n<\/table>\n<p><strong>Disponibles las dimensiones entre min. \u00d8 900 mm &#8211; max. \u00d8 1100 mm. P\u00f3ngase en contacto con nuestra empresa para otras opciones de color y tama\u00f1o.<\/strong><\/p>\n","protected":false},"featured_media":12950,"comment_status":"open","ping_status":"closed","template":"","meta":{"_acf_changed":false},"product_cat":[120],"product_tag":[],"class_list":{"0":"post-18939","1":"product","2":"type-product","3":"status-publish","4":"has-post-thumbnail","6":"product_cat-accesorios-para-atomizadores","8":"first","9":"instock","10":"shipping-taxable","11":"product-type-simple"},"acf":[],"_links":{"self":[{"href":"https:\/\/toyman.com.tr\/es\/wp-json\/wp\/v2\/product\/18939","targetHints":{"allow":["GET"]}}],"collection":[{"href":"https:\/\/toyman.com.tr\/es\/wp-json\/wp\/v2\/product"}],"about":[{"href":"https:\/\/toyman.com.tr\/es\/wp-json\/wp\/v2\/types\/product"}],"replies":[{"embeddable":true,"href":"https:\/\/toyman.com.tr\/es\/wp-json\/wp\/v2\/comments?post=18939"}],"version-history":[{"count":1,"href":"https:\/\/toyman.com.tr\/es\/wp-json\/wp\/v2\/product\/18939\/revisions"}],"predecessor-version":[{"id":18940,"href":"https:\/\/toyman.com.tr\/es\/wp-json\/wp\/v2\/product\/18939\/revisions\/18940"}],"wp:featuredmedia":[{"embeddable":true,"href":"https:\/\/toyman.com.tr\/es\/wp-json\/wp\/v2\/media\/12950"}],"wp:attachment":[{"href":"https:\/\/toyman.com.tr\/es\/wp-json\/wp\/v2\/media?parent=18939"}],"wp:term":[{"taxonomy":"product_cat","embeddable":true,"href":"https:\/\/toyman.com.tr\/es\/wp-json\/wp\/v2\/product_cat?post=18939"},{"taxonomy":"product_tag","embeddable":true,"href":"https:\/\/toyman.com.tr\/es\/wp-json\/wp\/v2\/product_tag?post=18939"}],"curies":[{"name":"wp","href":"https:\/\/api.w.org\/{rel}","templated":true}]}}