{"id":18946,"date":"2023-12-14T11:09:20","date_gmt":"2023-12-14T11:09:20","guid":{"rendered":"https:\/\/toyman.com.tr\/urun\/poyraz-aluminyum-pervane-12-kanat\/"},"modified":"2024-06-11T14:08:03","modified_gmt":"2024-06-11T14:08:03","slug":"poyraz-ventilador-con-nucleo-de-aluminio","status":"publish","type":"product","link":"https:\/\/toyman.com.tr\/es\/urun\/poyraz-ventilador-con-nucleo-de-aluminio\/","title":{"rendered":"POYRAZ VENTILADOR CON N\u00daCLEO DE ALUMINIO"},"content":{"rendered":"<table width=\"444\">\n<tbody>\n<tr>\n<td width=\"188\">C\u00d3DIGO<\/td>\n<td width=\"64\">D<\/td>\n<td width=\"64\">\u00c1ngulo<\/td>\n<td width=\"64\">Direcci\u00f3n<\/td>\n<td width=\"64\">Color<\/td>\n<\/tr>\n<tr>\n<td width=\"188\"><strong>BA5AP12CW3032M<\/strong><\/td>\n<td rowspan=\"3\" width=\"64\">32&#8243;<\/td>\n<td width=\"64\">30\u00b0<\/td>\n<td rowspan=\"6\" width=\"64\">Izquierda<\/td>\n<td rowspan=\"6\" width=\"64\">Azul<\/td>\n<\/tr>\n<tr>\n<td width=\"188\"><strong>BA5AP12CW4532M<\/strong><\/td>\n<td width=\"64\">45\u00b0<\/td>\n<\/tr>\n<tr>\n<td width=\"188\"><strong>BA5AP12CW6032M<\/strong><\/td>\n<td width=\"64\">60\u00b0<\/td>\n<\/tr>\n<tr>\n<td width=\"188\"><strong>BA5AP12CW3036M<\/strong><\/td>\n<td rowspan=\"3\" width=\"64\">36&#8243;<\/td>\n<td width=\"64\">30\u00b0<\/td>\n<\/tr>\n<tr>\n<td width=\"188\"><strong>BA5AP12CW4536M<\/strong><\/td>\n<td width=\"64\">45\u00b0<\/td>\n<\/tr>\n<tr>\n<td width=\"188\"><strong>BA5AP12CW6036M<\/strong><\/td>\n<td width=\"64\">60\u00b0<\/td>\n<\/tr>\n<tr>\n<td width=\"188\"><strong>BA5AP12CW3032Y<\/strong><\/td>\n<td rowspan=\"3\" width=\"64\">32&#8243;<\/td>\n<td width=\"64\">30\u00b0<\/td>\n<td rowspan=\"6\" width=\"64\">Izquierda<\/td>\n<td rowspan=\"6\" width=\"64\">Verde<\/td>\n<\/tr>\n<tr>\n<td width=\"188\"><strong>BA5AP12CW4532Y<\/strong><\/td>\n<td width=\"64\">45\u00b0<\/td>\n<\/tr>\n<tr>\n<td width=\"188\"><strong>BA5AP12CW6032Y<\/strong><\/td>\n<td width=\"64\">60\u00b0<\/td>\n<\/tr>\n<tr>\n<td width=\"188\"><strong>BA5AP12CW3036Y<\/strong><\/td>\n<td rowspan=\"3\" width=\"64\">36&#8243;<\/td>\n<td width=\"64\">30\u00b0<\/td>\n<\/tr>\n<tr>\n<td width=\"188\"><strong>BA5AP12CW4536Y<\/strong><\/td>\n<td width=\"64\">45\u00b0<\/td>\n<\/tr>\n<tr>\n<td width=\"188\"><strong>BA5AP12CW6036Y<\/strong><\/td>\n<td width=\"64\">60\u00b0<\/td>\n<\/tr>\n<\/tbody>\n<\/table>\n<p>&nbsp;<\/p>\n","protected":false},"excerpt":{"rendered":"<p>\u2022 N\u00facleo de aliminio y aletas de polimiada reforzada con fibra de vidrio<br \/>\n\u2022 Opci\u00f3nes de \u00e1ngulos 30\u00b0 \/ 45\u00b0 \/ 60\u00b0<br \/>\n\u2022 La direcci\u00f3n de giro: Izquierda<br \/>\n\u2022 La potencia m\u00e1xima del tractor 55 &#8211; 95 HP<\/p>\n<table width=\"296\">\n<tbody>\n<tr>\n<td width=\"132\"><\/td>\n<td width=\"164\"><\/td>\n<\/tr>\n<tr>\n<td width=\"132\"><strong>Di\u00e1metro<\/strong><\/td>\n<td width=\"164\">32&#8243;, 36&#8243;<\/td>\n<\/tr>\n<tr>\n<td width=\"132\"><strong>Tipo de Aletas<\/strong><\/td>\n<td width=\"164\">Tipo 5<\/td>\n<\/tr>\n<tr>\n<td width=\"132\"><strong>Di\u00e1metro de N\u00facleo<\/strong><\/td>\n<td width=\"164\">280 mm<\/td>\n<\/tr>\n<tr>\n<td width=\"132\"><\/td>\n<td width=\"164\"><\/td>\n<\/tr>\n<\/tbody>\n<\/table>\n<p><strong>Disponibles las dimensiones entre min. \u00d8 700 mm &#8211; max. \u00d8 915 mm. P\u00f3ngase en contacto con nuestra empresa para otras opciones de color y tama\u00f1o.<\/strong><\/p>\n","protected":false},"featured_media":12960,"comment_status":"open","ping_status":"closed","template":"","meta":{"_acf_changed":false},"product_cat":[120],"product_tag":[],"class_list":{"0":"post-18946","1":"product","2":"type-product","3":"status-publish","4":"has-post-thumbnail","6":"product_cat-accesorios-para-atomizadores","8":"first","9":"instock","10":"shipping-taxable","11":"product-type-simple"},"acf":[],"_links":{"self":[{"href":"https:\/\/toyman.com.tr\/es\/wp-json\/wp\/v2\/product\/18946","targetHints":{"allow":["GET"]}}],"collection":[{"href":"https:\/\/toyman.com.tr\/es\/wp-json\/wp\/v2\/product"}],"about":[{"href":"https:\/\/toyman.com.tr\/es\/wp-json\/wp\/v2\/types\/product"}],"replies":[{"embeddable":true,"href":"https:\/\/toyman.com.tr\/es\/wp-json\/wp\/v2\/comments?post=18946"}],"version-history":[{"count":1,"href":"https:\/\/toyman.com.tr\/es\/wp-json\/wp\/v2\/product\/18946\/revisions"}],"predecessor-version":[{"id":18948,"href":"https:\/\/toyman.com.tr\/es\/wp-json\/wp\/v2\/product\/18946\/revisions\/18948"}],"wp:featuredmedia":[{"embeddable":true,"href":"https:\/\/toyman.com.tr\/es\/wp-json\/wp\/v2\/media\/12960"}],"wp:attachment":[{"href":"https:\/\/toyman.com.tr\/es\/wp-json\/wp\/v2\/media?parent=18946"}],"wp:term":[{"taxonomy":"product_cat","embeddable":true,"href":"https:\/\/toyman.com.tr\/es\/wp-json\/wp\/v2\/product_cat?post=18946"},{"taxonomy":"product_tag","embeddable":true,"href":"https:\/\/toyman.com.tr\/es\/wp-json\/wp\/v2\/product_tag?post=18946"}],"curies":[{"name":"wp","href":"https:\/\/api.w.org\/{rel}","templated":true}]}}