{"id":19031,"date":"2023-10-26T12:38:02","date_gmt":"2023-10-26T12:38:02","guid":{"rendered":"https:\/\/toyman.com.tr\/urun\/celik-spiralli-seffaf-telli-hortumlar\/"},"modified":"2024-06-12T11:59:40","modified_gmt":"2024-06-12T11:59:40","slug":"manguera-de-pvc-transparente-con-espiral-de-acero-no-toxico","status":"publish","type":"product","link":"https:\/\/toyman.com.tr\/es\/urun\/manguera-de-pvc-transparente-con-espiral-de-acero-no-toxico\/","title":{"rendered":"MANGUERA DE PVC TRANSPARENTE CON ESPIRAL DE ACERO NO T\u00d3XICO"},"content":{"rendered":"<table width=\"439\">\n<tbody>\n<tr>\n<td width=\"97\">C\u00d3DIGO<\/td>\n<td width=\"110\">Di\u00e1metro Interno<\/td>\n<td width=\"80\">Di\u00e1metro Externo<\/td>\n<td width=\"140\">Presi\u00f3n De Trabajo<\/td>\n<td width=\"140\">Presi\u00f3n De Ruptura<\/td>\n<\/tr>\n<tr>\n<td><strong>09054050TYX<\/strong><\/td>\n<td>20 mm (\u00be\u00bb)<\/td>\n<td>27 mm<\/td>\n<td>7 bar<\/td>\n<td>15 bar<\/td>\n<\/tr>\n<tr>\n<td><strong>09054051TYX<\/strong><\/td>\n<td>25 mm (1&#8243;)<\/td>\n<td>33 mm<\/td>\n<td>6 bar<\/td>\n<td>15 bar<\/td>\n<\/tr>\n<tr>\n<td><strong>09054052TYX<\/strong><\/td>\n<td>32 mm (1\u00bc\u00bb)<\/td>\n<td>40 mm<\/td>\n<td>6 bar<\/td>\n<td>13 bar<\/td>\n<\/tr>\n<tr>\n<td><strong>09054053TYX<\/strong><\/td>\n<td>38 mm (1\u00bd\u00bb)<\/td>\n<td>46 mm<\/td>\n<td>5 bar<\/td>\n<td>12 bar<\/td>\n<\/tr>\n<tr>\n<td><strong>09054054TYX<\/strong><\/td>\n<td>45 mm (1\u00be\u00bb)<\/td>\n<td>55 mm<\/td>\n<td>5 bar<\/td>\n<td>9 bar<\/td>\n<\/tr>\n<\/tbody>\n<\/table>\n<p>&nbsp;<\/p>\n","protected":false},"excerpt":{"rendered":"<p>\u2022 Construcci\u00f3n: PVC fuerte, muy flexible, suave and transparente<br \/>\n\u2022 Aplicaci\u00f3n: Para succi\u00f3n y suministro de agua, en maquinarias agr\u00edcolas e industriales<\/p>\n","protected":false},"featured_media":12834,"comment_status":"open","ping_status":"closed","template":"","meta":{"_acf_changed":false},"product_cat":[121],"product_tag":[],"class_list":{"0":"post-19031","1":"product","2":"type-product","3":"status-publish","4":"has-post-thumbnail","6":"product_cat-valvulas-de-bola-racores-de-laton-y-mangueras","8":"first","9":"instock","10":"shipping-taxable","11":"product-type-simple"},"acf":[],"_links":{"self":[{"href":"https:\/\/toyman.com.tr\/es\/wp-json\/wp\/v2\/product\/19031","targetHints":{"allow":["GET"]}}],"collection":[{"href":"https:\/\/toyman.com.tr\/es\/wp-json\/wp\/v2\/product"}],"about":[{"href":"https:\/\/toyman.com.tr\/es\/wp-json\/wp\/v2\/types\/product"}],"replies":[{"embeddable":true,"href":"https:\/\/toyman.com.tr\/es\/wp-json\/wp\/v2\/comments?post=19031"}],"version-history":[{"count":1,"href":"https:\/\/toyman.com.tr\/es\/wp-json\/wp\/v2\/product\/19031\/revisions"}],"predecessor-version":[{"id":19034,"href":"https:\/\/toyman.com.tr\/es\/wp-json\/wp\/v2\/product\/19031\/revisions\/19034"}],"wp:featuredmedia":[{"embeddable":true,"href":"https:\/\/toyman.com.tr\/es\/wp-json\/wp\/v2\/media\/12834"}],"wp:attachment":[{"href":"https:\/\/toyman.com.tr\/es\/wp-json\/wp\/v2\/media?parent=19031"}],"wp:term":[{"taxonomy":"product_cat","embeddable":true,"href":"https:\/\/toyman.com.tr\/es\/wp-json\/wp\/v2\/product_cat?post=19031"},{"taxonomy":"product_tag","embeddable":true,"href":"https:\/\/toyman.com.tr\/es\/wp-json\/wp\/v2\/product_tag?post=19031"}],"curies":[{"name":"wp","href":"https:\/\/api.w.org\/{rel}","templated":true}]}}