{"id":19032,"date":"2023-10-26T12:49:45","date_gmt":"2023-10-26T12:49:45","guid":{"rendered":"https:\/\/toyman.com.tr\/urun\/celik-tel-orgulu-hidrolik-hortumlar\/"},"modified":"2024-06-12T11:59:27","modified_gmt":"2024-06-12T11:59:27","slug":"mangueras-hidraulicas-de-alta-presion","status":"publish","type":"product","link":"https:\/\/toyman.com.tr\/es\/urun\/mangueras-hidraulicas-de-alta-presion\/","title":{"rendered":"MANGUERAS HIDR\u00c1ULICAS DE ALTA PRESI\u00d3N"},"content":{"rendered":"<table width=\"439\">\n<tbody>\n<tr>\n<td width=\"97\">C\u00d3DIGO<\/td>\n<td width=\"110\">Di\u00e1metro Interno<\/td>\n<td width=\"120\">Di\u00e1metro Externo<\/td>\n<td width=\"140\">Presi\u00f3n De Trabajo<\/td>\n<td width=\"150\">Presi\u00f3n De Ruptura<\/td>\n<\/tr>\n<tr>\n<td><strong>09054100<\/strong><\/td>\n<td>12,7 mm (\u00bd\u00bb)<\/td>\n<td>22,6 mm (\u00bd\u00bb)<\/td>\n<td>160 bar (2320psi)<\/td>\n<td>640 bar (9280psi)<\/td>\n<\/tr>\n<tr>\n<td><strong>09054101<\/strong><\/td>\n<td>19 mm (\u00be\u00bb)<\/td>\n<td>29,6 mm (\u00be\u00bb)<\/td>\n<td>105 bar (1523psi)<\/td>\n<td>420 bar (6090psi)<\/td>\n<\/tr>\n<tr>\n<td><\/td>\n<td><\/td>\n<td><\/td>\n<td><\/td>\n<td><\/td>\n<\/tr>\n<tr>\n<td><\/td>\n<td><\/td>\n<td><\/td>\n<td><\/td>\n<td><\/td>\n<\/tr>\n<tr>\n<td><\/td>\n<td><\/td>\n<td><\/td>\n<td><\/td>\n<td><\/td>\n<\/tr>\n<\/tbody>\n<\/table>\n","protected":false},"excerpt":{"rendered":"<p>\u2022 Aplicaci\u00f3n: Para sistemas hidr\u00e1ulicas de alta presi\u00f3n y maquinarias agr\u00edcolas e industriales<\/p>\n","protected":false},"featured_media":12836,"comment_status":"open","ping_status":"closed","template":"","meta":{"_acf_changed":false},"product_cat":[121],"product_tag":[],"class_list":{"0":"post-19032","1":"product","2":"type-product","3":"status-publish","4":"has-post-thumbnail","6":"product_cat-valvulas-de-bola-racores-de-laton-y-mangueras","8":"first","9":"instock","10":"shipping-taxable","11":"product-type-simple"},"acf":[],"_links":{"self":[{"href":"https:\/\/toyman.com.tr\/es\/wp-json\/wp\/v2\/product\/19032","targetHints":{"allow":["GET"]}}],"collection":[{"href":"https:\/\/toyman.com.tr\/es\/wp-json\/wp\/v2\/product"}],"about":[{"href":"https:\/\/toyman.com.tr\/es\/wp-json\/wp\/v2\/types\/product"}],"replies":[{"embeddable":true,"href":"https:\/\/toyman.com.tr\/es\/wp-json\/wp\/v2\/comments?post=19032"}],"version-history":[{"count":1,"href":"https:\/\/toyman.com.tr\/es\/wp-json\/wp\/v2\/product\/19032\/revisions"}],"predecessor-version":[{"id":19035,"href":"https:\/\/toyman.com.tr\/es\/wp-json\/wp\/v2\/product\/19032\/revisions\/19035"}],"wp:featuredmedia":[{"embeddable":true,"href":"https:\/\/toyman.com.tr\/es\/wp-json\/wp\/v2\/media\/12836"}],"wp:attachment":[{"href":"https:\/\/toyman.com.tr\/es\/wp-json\/wp\/v2\/media?parent=19032"}],"wp:term":[{"taxonomy":"product_cat","embeddable":true,"href":"https:\/\/toyman.com.tr\/es\/wp-json\/wp\/v2\/product_cat?post=19032"},{"taxonomy":"product_tag","embeddable":true,"href":"https:\/\/toyman.com.tr\/es\/wp-json\/wp\/v2\/product_tag?post=19032"}],"curies":[{"name":"wp","href":"https:\/\/api.w.org\/{rel}","templated":true}]}}