{"id":19045,"date":"2023-12-18T10:13:06","date_gmt":"2023-12-18T10:13:06","guid":{"rendered":"https:\/\/toyman.com.tr\/urun\/buyuk-boy-saft-muhafazasi\/"},"modified":"2023-12-18T10:13:06","modified_gmt":"2023-12-18T10:13:06","slug":"buyuk-boy-saft-muhafazasi","status":"publish","type":"product","link":"https:\/\/toyman.com.tr\/es\/urun\/buyuk-boy-saft-muhafazasi\/","title":{"rendered":"B\u00dcY\u00dcK BOY <br>\u015eAFT MUHAFAZASI"},"content":{"rendered":"","protected":false},"excerpt":{"rendered":"","protected":false},"featured_media":0,"comment_status":"open","ping_status":"closed","template":"","meta":{"_acf_changed":false},"product_cat":[43],"product_tag":[],"class_list":{"0":"post-19045","1":"product","2":"type-product","3":"status-publish","5":"product_cat-genel","7":"first","8":"instock","9":"shipping-taxable","10":"product-type-simple"},"acf":[],"_links":{"self":[{"href":"https:\/\/toyman.com.tr\/es\/wp-json\/wp\/v2\/product\/19045","targetHints":{"allow":["GET"]}}],"collection":[{"href":"https:\/\/toyman.com.tr\/es\/wp-json\/wp\/v2\/product"}],"about":[{"href":"https:\/\/toyman.com.tr\/es\/wp-json\/wp\/v2\/types\/product"}],"replies":[{"embeddable":true,"href":"https:\/\/toyman.com.tr\/es\/wp-json\/wp\/v2\/comments?post=19045"}],"version-history":[{"count":0,"href":"https:\/\/toyman.com.tr\/es\/wp-json\/wp\/v2\/product\/19045\/revisions"}],"wp:attachment":[{"href":"https:\/\/toyman.com.tr\/es\/wp-json\/wp\/v2\/media?parent=19045"}],"wp:term":[{"taxonomy":"product_cat","embeddable":true,"href":"https:\/\/toyman.com.tr\/es\/wp-json\/wp\/v2\/product_cat?post=19045"},{"taxonomy":"product_tag","embeddable":true,"href":"https:\/\/toyman.com.tr\/es\/wp-json\/wp\/v2\/product_tag?post=19045"}],"curies":[{"name":"wp","href":"https:\/\/api.w.org\/{rel}","templated":true}]}}