{"id":19099,"date":"2023-12-20T08:29:01","date_gmt":"2023-12-20T08:29:01","guid":{"rendered":"https:\/\/toyman.com.tr\/urun\/holsan-plastik-pullu-sibop\/"},"modified":"2024-06-27T12:53:12","modified_gmt":"2024-06-27T12:53:12","slug":"valvula-de-aspiracion-y-descarga-valvula-de-plastico","status":"publish","type":"product","link":"https:\/\/toyman.com.tr\/es\/urun\/valvula-de-aspiracion-y-descarga-valvula-de-plastico\/","title":{"rendered":"V\u00c1LVULA DE ASPIRACI\u00d3N <br>Y DESCARGA <br>(V\u00e1lvula De Pl\u00e1stico)"},"content":{"rendered":"","protected":false},"excerpt":{"rendered":"","protected":false},"featured_media":13094,"comment_status":"open","ping_status":"closed","template":"","meta":{"_acf_changed":false},"product_cat":[122],"product_tag":[],"class_list":{"0":"post-19099","1":"product","2":"type-product","3":"status-publish","4":"has-post-thumbnail","6":"product_cat-bombas-y-reguladores-de-presion","8":"first","9":"instock","10":"shipping-taxable","11":"product-type-simple"},"acf":[],"_links":{"self":[{"href":"https:\/\/toyman.com.tr\/es\/wp-json\/wp\/v2\/product\/19099","targetHints":{"allow":["GET"]}}],"collection":[{"href":"https:\/\/toyman.com.tr\/es\/wp-json\/wp\/v2\/product"}],"about":[{"href":"https:\/\/toyman.com.tr\/es\/wp-json\/wp\/v2\/types\/product"}],"replies":[{"embeddable":true,"href":"https:\/\/toyman.com.tr\/es\/wp-json\/wp\/v2\/comments?post=19099"}],"version-history":[{"count":1,"href":"https:\/\/toyman.com.tr\/es\/wp-json\/wp\/v2\/product\/19099\/revisions"}],"predecessor-version":[{"id":19101,"href":"https:\/\/toyman.com.tr\/es\/wp-json\/wp\/v2\/product\/19099\/revisions\/19101"}],"wp:featuredmedia":[{"embeddable":true,"href":"https:\/\/toyman.com.tr\/es\/wp-json\/wp\/v2\/media\/13094"}],"wp:attachment":[{"href":"https:\/\/toyman.com.tr\/es\/wp-json\/wp\/v2\/media?parent=19099"}],"wp:term":[{"taxonomy":"product_cat","embeddable":true,"href":"https:\/\/toyman.com.tr\/es\/wp-json\/wp\/v2\/product_cat?post=19099"},{"taxonomy":"product_tag","embeddable":true,"href":"https:\/\/toyman.com.tr\/es\/wp-json\/wp\/v2\/product_tag?post=19099"}],"curies":[{"name":"wp","href":"https:\/\/api.w.org\/{rel}","templated":true}]}}