{"id":19554,"date":"2023-12-25T10:53:48","date_gmt":"2023-12-25T10:53:48","guid":{"rendered":"https:\/\/toyman.com.tr\/urun\/cometaps-960\/"},"modified":"2024-07-08T08:28:33","modified_gmt":"2024-07-08T08:28:33","slug":"cometids-960","status":"publish","type":"product","link":"https:\/\/toyman.com.tr\/es\/urun\/cometids-960\/","title":{"rendered":"COMET<br>IDS 960"},"content":{"rendered":"<p><strong>Distribuidor Comet Pump T\u00fcrkiye<\/strong><\/p>\n<table width=\"498\">\n<tbody>\n<tr>\n<td width=\"100\">Bomba<\/td>\n<td width=\"200\">N\u00famero de Diafragmas<\/td>\n<td width=\"150\">Entrega lt.\/min<\/td>\n<td width=\"150\">Barra de Presi\u00f3n<\/td>\n<td width=\"150\">CV de potencia<\/td>\n<td width=\"200\">Entrad \/M\u00e1x. RPM<\/td>\n<td width=\"150\">Peso Kilos.<\/td>\n<\/tr>\n<tr>\n<td><strong>IDS 960<\/strong><\/td>\n<td>4<\/td>\n<td>93<\/td>\n<td>50<\/td>\n<td>11,5<\/td>\n<td>550<\/td>\n<td>30<\/td>\n<\/tr>\n<tr>\n<td><\/td>\n<td><\/td>\n<td><\/td>\n<td><\/td>\n<td><\/td>\n<td><\/td>\n<td><\/td>\n<\/tr>\n<\/tbody>\n<\/table>\n<p>&nbsp;<\/p>\n","protected":false},"excerpt":{"rendered":"<div class=\"FFpbKc\">\n<div class=\"xMmqsf\">\u2022 Bomba de diafragma de alta presi\u00f3n tipo 4 diafragmas<br \/>\n\u2022 Colectores externos<br \/>\n\u2022 Con acumulador de presi\u00f3n<br \/>\n\u2022 Las piezas en contacto con el l\u00edquido son de lat\u00f3n para m\u00e1xima resistencia a la corrosi\u00f3n.<br \/>\n\u2022 V\u00e1lvulas con plato y asiento en acero inoxidable<br \/>\n\u2022 V\u00e1lvula de seguridad y tres grifos de descarga.<\/div>\n<\/div>\n","protected":false},"featured_media":13352,"comment_status":"open","ping_status":"closed","template":"","meta":{"_acf_changed":false},"product_cat":[127],"product_tag":[],"class_list":{"0":"post-19554","1":"product","2":"type-product","3":"status-publish","4":"has-post-thumbnail","6":"product_cat-comet-pompa-comet-regulator-comer-sanziman-es","8":"first","9":"instock","10":"shipping-taxable","11":"product-type-simple"},"acf":[],"_links":{"self":[{"href":"https:\/\/toyman.com.tr\/es\/wp-json\/wp\/v2\/product\/19554","targetHints":{"allow":["GET"]}}],"collection":[{"href":"https:\/\/toyman.com.tr\/es\/wp-json\/wp\/v2\/product"}],"about":[{"href":"https:\/\/toyman.com.tr\/es\/wp-json\/wp\/v2\/types\/product"}],"replies":[{"embeddable":true,"href":"https:\/\/toyman.com.tr\/es\/wp-json\/wp\/v2\/comments?post=19554"}],"version-history":[{"count":1,"href":"https:\/\/toyman.com.tr\/es\/wp-json\/wp\/v2\/product\/19554\/revisions"}],"predecessor-version":[{"id":19555,"href":"https:\/\/toyman.com.tr\/es\/wp-json\/wp\/v2\/product\/19554\/revisions\/19555"}],"wp:featuredmedia":[{"embeddable":true,"href":"https:\/\/toyman.com.tr\/es\/wp-json\/wp\/v2\/media\/13352"}],"wp:attachment":[{"href":"https:\/\/toyman.com.tr\/es\/wp-json\/wp\/v2\/media?parent=19554"}],"wp:term":[{"taxonomy":"product_cat","embeddable":true,"href":"https:\/\/toyman.com.tr\/es\/wp-json\/wp\/v2\/product_cat?post=19554"},{"taxonomy":"product_tag","embeddable":true,"href":"https:\/\/toyman.com.tr\/es\/wp-json\/wp\/v2\/product_tag?post=19554"}],"curies":[{"name":"wp","href":"https:\/\/api.w.org\/{rel}","templated":true}]}}