{"id":19557,"date":"2023-12-25T10:55:23","date_gmt":"2023-12-25T10:55:23","guid":{"rendered":"https:\/\/toyman.com.tr\/urun\/cometids-1401\/"},"modified":"2024-07-08T08:25:48","modified_gmt":"2024-07-08T08:25:48","slug":"cometids-1401","status":"publish","type":"product","link":"https:\/\/toyman.com.tr\/es\/urun\/cometids-1401\/","title":{"rendered":"COMET<br>IDS 1401"},"content":{"rendered":"<p><span style=\"color: #000000;\"><strong>Comet Pump T\u00fcrkiye Distributor<\/strong><\/span><\/p>\n<table width=\"498\">\n<tbody>\n<tr>\n<td width=\"100\">Pumps<\/td>\n<td width=\"200\">Number of Diaphragms<\/td>\n<td width=\"150\">Delivery lt.\/min<\/td>\n<td width=\"150\">Pressure Bar<\/td>\n<td width=\"100\">Power CV<\/td>\n<td width=\"200\">Input\/Max. R.P.M<\/td>\n<td width=\"150\">Weight Kg.<\/td>\n<\/tr>\n<tr>\n<td><strong>IDS 1401<\/strong><\/td>\n<td>3<\/td>\n<td>135<\/td>\n<td>50<\/td>\n<td>16,6<\/td>\n<td>550<\/td>\n<td>45<\/td>\n<\/tr>\n<tr>\n<td><\/td>\n<td><\/td>\n<td><\/td>\n<td><\/td>\n<td><\/td>\n<td><\/td>\n<td><\/td>\n<\/tr>\n<\/tbody>\n<\/table>\n","protected":false},"excerpt":{"rendered":"<p>\u2022 Bomba de diafragma de alta presi\u00f3n tipo 3 diafragmas<br \/>\n\u2022 Colectores externos<br \/>\n\u2022 Las piezas en contacto con el l\u00edquido son de lat\u00f3n para m\u00e1xima resistencia a la corrosi\u00f3n.<br \/>\n\u2022 V\u00e1lvulas con plato y asiento en acero inoxidable<br \/>\n\u2022 V\u00e1lvula de seguridad y tres grifos de descarga.<\/p>\n","protected":false},"featured_media":13354,"comment_status":"open","ping_status":"closed","template":"","meta":{"_acf_changed":false},"product_cat":[127],"product_tag":[],"class_list":{"0":"post-19557","1":"product","2":"type-product","3":"status-publish","4":"has-post-thumbnail","6":"product_cat-comet-pompa-comet-regulator-comer-sanziman-es","8":"first","9":"instock","10":"shipping-taxable","11":"product-type-simple"},"acf":[],"_links":{"self":[{"href":"https:\/\/toyman.com.tr\/es\/wp-json\/wp\/v2\/product\/19557","targetHints":{"allow":["GET"]}}],"collection":[{"href":"https:\/\/toyman.com.tr\/es\/wp-json\/wp\/v2\/product"}],"about":[{"href":"https:\/\/toyman.com.tr\/es\/wp-json\/wp\/v2\/types\/product"}],"replies":[{"embeddable":true,"href":"https:\/\/toyman.com.tr\/es\/wp-json\/wp\/v2\/comments?post=19557"}],"version-history":[{"count":0,"href":"https:\/\/toyman.com.tr\/es\/wp-json\/wp\/v2\/product\/19557\/revisions"}],"wp:featuredmedia":[{"embeddable":true,"href":"https:\/\/toyman.com.tr\/es\/wp-json\/wp\/v2\/media\/13354"}],"wp:attachment":[{"href":"https:\/\/toyman.com.tr\/es\/wp-json\/wp\/v2\/media?parent=19557"}],"wp:term":[{"taxonomy":"product_cat","embeddable":true,"href":"https:\/\/toyman.com.tr\/es\/wp-json\/wp\/v2\/product_cat?post=19557"},{"taxonomy":"product_tag","embeddable":true,"href":"https:\/\/toyman.com.tr\/es\/wp-json\/wp\/v2\/product_tag?post=19557"}],"curies":[{"name":"wp","href":"https:\/\/api.w.org\/{rel}","templated":true}]}}