{"id":19560,"date":"2023-12-25T10:56:24","date_gmt":"2023-12-25T10:56:24","guid":{"rendered":"https:\/\/toyman.com.tr\/urun\/comet-pump-ids-1701-2001\/"},"modified":"2024-07-08T08:55:33","modified_gmt":"2024-07-08T08:55:33","slug":"cometids-1701-2001","status":"publish","type":"product","link":"https:\/\/toyman.com.tr\/es\/urun\/cometids-1701-2001\/","title":{"rendered":"COMET<br>IDS 1701-2001"},"content":{"rendered":"<p><strong>Distribuidor Comet Pump T\u00fcrkiye<\/strong><\/p>\n<table width=\"498\">\n<tbody>\n<tr>\n<td width=\"100\">Bomba<\/td>\n<td width=\"200\">N\u00famero de Diafragmas<\/td>\n<td width=\"150\">Entrega lt.\/min<\/td>\n<td width=\"150\">Barra de Presi\u00f3n<\/td>\n<td width=\"150\">CV de potencia<\/td>\n<td width=\"200\">Entrad \/M\u00e1x. RPM<\/td>\n<td width=\"150\">Peso Kilos.<\/td>\n<\/tr>\n<tr>\n<td><strong>IDS 1701<\/strong><\/td>\n<td>4<\/td>\n<td>161<\/td>\n<td>40<\/td>\n<td>19,9<\/td>\n<td>550<\/td>\n<td>60<\/td>\n<\/tr>\n<tr>\n<td><strong>IDS 2001<\/strong><\/td>\n<td>4<\/td>\n<td>182<\/td>\n<td>40<\/td>\n<td>22,4<\/td>\n<td>550<\/td>\n<td>60<\/td>\n<\/tr>\n<\/tbody>\n<\/table>\n<p>&nbsp;<\/p>\n","protected":false},"excerpt":{"rendered":"<p>\u2022 Bomba de diafragma de alta presi\u00f3n tipo 4 diafragmas<br \/>\n\u2022 Colectores externos<br \/>\n\u2022 Las piezas en contacto con el l\u00edquido son de lat\u00f3n para m\u00e1xima resistente a la corrosi\u00f3n<br \/>\n\u2022 V\u00e1lvulas con plato y asiento en acero inoxidable<br \/>\n\u2022 V\u00e1lvula de seguridad y tres grifos de descarga.<\/p>\n","protected":false},"featured_media":13356,"comment_status":"open","ping_status":"closed","template":"","meta":{"_acf_changed":false},"product_cat":[127],"product_tag":[],"class_list":{"0":"post-19560","1":"product","2":"type-product","3":"status-publish","4":"has-post-thumbnail","6":"product_cat-comet-pompa-comet-regulator-comer-sanziman-es","8":"first","9":"instock","10":"shipping-taxable","11":"product-type-simple"},"acf":[],"_links":{"self":[{"href":"https:\/\/toyman.com.tr\/es\/wp-json\/wp\/v2\/product\/19560","targetHints":{"allow":["GET"]}}],"collection":[{"href":"https:\/\/toyman.com.tr\/es\/wp-json\/wp\/v2\/product"}],"about":[{"href":"https:\/\/toyman.com.tr\/es\/wp-json\/wp\/v2\/types\/product"}],"replies":[{"embeddable":true,"href":"https:\/\/toyman.com.tr\/es\/wp-json\/wp\/v2\/comments?post=19560"}],"version-history":[{"count":1,"href":"https:\/\/toyman.com.tr\/es\/wp-json\/wp\/v2\/product\/19560\/revisions"}],"predecessor-version":[{"id":19561,"href":"https:\/\/toyman.com.tr\/es\/wp-json\/wp\/v2\/product\/19560\/revisions\/19561"}],"wp:featuredmedia":[{"embeddable":true,"href":"https:\/\/toyman.com.tr\/es\/wp-json\/wp\/v2\/media\/13356"}],"wp:attachment":[{"href":"https:\/\/toyman.com.tr\/es\/wp-json\/wp\/v2\/media?parent=19560"}],"wp:term":[{"taxonomy":"product_cat","embeddable":true,"href":"https:\/\/toyman.com.tr\/es\/wp-json\/wp\/v2\/product_cat?post=19560"},{"taxonomy":"product_tag","embeddable":true,"href":"https:\/\/toyman.com.tr\/es\/wp-json\/wp\/v2\/product_tag?post=19560"}],"curies":[{"name":"wp","href":"https:\/\/api.w.org\/{rel}","templated":true}]}}