{"id":19569,"date":"2023-12-25T10:59:01","date_gmt":"2023-12-25T10:59:01","guid":{"rendered":"https:\/\/toyman.com.tr\/urun\/cometmc-25\/"},"modified":"2024-07-18T11:02:23","modified_gmt":"2024-07-18T11:02:23","slug":"cometmc-25","status":"publish","type":"product","link":"https:\/\/toyman.com.tr\/es\/urun\/cometmc-25\/","title":{"rendered":"COMET<br>MC 25"},"content":{"rendered":"<p><strong>Distribuidor Comet Pump T\u00fcrkiye<\/strong><\/p>\n<table width=\"498\">\n<tbody>\n<tr>\n<td width=\"100\">Bomba<\/td>\n<td width=\"200\">N\u00famero de Diafragmas<\/td>\n<td width=\"150\">Entrega lt.\/min<\/td>\n<td width=\"150\">Barra de Presi\u00f3n<\/td>\n<td width=\"150\">CV de potencia<\/td>\n<td width=\"200\">Entrad \/M\u00e1x. RPM<\/td>\n<td width=\"150\">Peso Kilos.<\/td>\n<\/tr>\n<tr>\n<td><strong>MC 25<\/strong><\/td>\n<td>2<\/td>\n<td>18,5<\/td>\n<td>25<\/td>\n<td>1,5<\/td>\n<td>650<\/td>\n<td>15<\/td>\n<\/tr>\n<tr>\n<td><\/td>\n<td><\/td>\n<td><\/td>\n<td><\/td>\n<td><\/td>\n<td><\/td>\n<td><\/td>\n<\/tr>\n<\/tbody>\n<\/table>\n<p>&nbsp;<\/p>\n","protected":false},"excerpt":{"rendered":"<p>\u2022 Bombas de diafragma para peque\u00f1os trabajos de pulverizaci\u00f3n, tipo 2 membranasbomba de baja presi\u00f3n<br \/>\n\u2022 Para fumigaci\u00f3n y control de plagas en jardines, invernaderos, c\u00e9spedes, peque\u00f1os cultivos de superficie y para uso industrial<br \/>\n\u2022 Aplicaci\u00f3n directa a motor el\u00e9ctrico de 220 V o combinable con 2\/4 motores de combusti\u00f3n de carrera<br \/>\n\u2022 Piezas en contacto con el l\u00edquido fabricadas en aluminio anodizado.<br \/>\n\u2022 Con acumulador de presi\u00f3n<\/p>\n","protected":false},"featured_media":13362,"comment_status":"open","ping_status":"closed","template":"","meta":{"_acf_changed":false},"product_cat":[127],"product_tag":[],"class_list":{"0":"post-19569","1":"product","2":"type-product","3":"status-publish","4":"has-post-thumbnail","6":"product_cat-comet-pompa-comet-regulator-comer-sanziman-es","8":"first","9":"instock","10":"shipping-taxable","11":"product-type-simple"},"acf":[],"_links":{"self":[{"href":"https:\/\/toyman.com.tr\/es\/wp-json\/wp\/v2\/product\/19569","targetHints":{"allow":["GET"]}}],"collection":[{"href":"https:\/\/toyman.com.tr\/es\/wp-json\/wp\/v2\/product"}],"about":[{"href":"https:\/\/toyman.com.tr\/es\/wp-json\/wp\/v2\/types\/product"}],"replies":[{"embeddable":true,"href":"https:\/\/toyman.com.tr\/es\/wp-json\/wp\/v2\/comments?post=19569"}],"version-history":[{"count":1,"href":"https:\/\/toyman.com.tr\/es\/wp-json\/wp\/v2\/product\/19569\/revisions"}],"predecessor-version":[{"id":19570,"href":"https:\/\/toyman.com.tr\/es\/wp-json\/wp\/v2\/product\/19569\/revisions\/19570"}],"wp:featuredmedia":[{"embeddable":true,"href":"https:\/\/toyman.com.tr\/es\/wp-json\/wp\/v2\/media\/13362"}],"wp:attachment":[{"href":"https:\/\/toyman.com.tr\/es\/wp-json\/wp\/v2\/media?parent=19569"}],"wp:term":[{"taxonomy":"product_cat","embeddable":true,"href":"https:\/\/toyman.com.tr\/es\/wp-json\/wp\/v2\/product_cat?post=19569"},{"taxonomy":"product_tag","embeddable":true,"href":"https:\/\/toyman.com.tr\/es\/wp-json\/wp\/v2\/product_tag?post=19569"}],"curies":[{"name":"wp","href":"https:\/\/api.w.org\/{rel}","templated":true}]}}