{"id":19579,"date":"2023-12-25T11:01:36","date_gmt":"2023-12-25T11:01:36","guid":{"rendered":"https:\/\/toyman.com.tr\/urun\/comet-pump-yb-150\/"},"modified":"2024-07-18T11:44:46","modified_gmt":"2024-07-18T11:44:46","slug":"comet-pump-yb-150","status":"publish","type":"product","link":"https:\/\/toyman.com.tr\/es\/urun\/comet-pump-yb-150\/","title":{"rendered":"COMET<br>YB 150"},"content":{"rendered":"<p><strong>Distribuidor Comet Pump T\u00fcrkiye<\/strong><\/p>\n<table width=\"498\">\n<tbody>\n<tr>\n<td width=\"100\">Bomba<\/td>\n<td width=\"200\">N\u00famero de Diafragmas<\/td>\n<td width=\"150\">Entrega lt.\/min<\/td>\n<td width=\"150\">Barra de Presi\u00f3n<\/td>\n<td width=\"150\">CV de potencia<\/td>\n<td width=\"200\">Entrad \/M\u00e1x. RPM<\/td>\n<td width=\"150\">Peso Kilos.<\/td>\n<\/tr>\n<tr>\n<td><strong>YB 150<\/strong><\/td>\n<td>6<\/td>\n<td>131<\/td>\n<td>40<\/td>\n<td>14<\/td>\n<td>600<\/td>\n<td>30<\/td>\n<\/tr>\n<tr>\n<td><\/td>\n<td><\/td>\n<td><\/td>\n<td><\/td>\n<td><\/td>\n<td><\/td>\n<td><\/td>\n<\/tr>\n<\/tbody>\n<\/table>\n","protected":false},"excerpt":{"rendered":"<p>\u2022 Bomba de pist\u00f3n de alta presi\u00f3n, tipo 3+3 pistones<br \/>\n\u2022 Pistones cer\u00e1micos de alta resistencia.<br \/>\n\u2022 Las piezas en contacto con el l\u00edquido est\u00e1n fabricadas en aluminio anodizado y resistente a la corrosi\u00f3n<\/p>\n","protected":false},"featured_media":13346,"comment_status":"open","ping_status":"closed","template":"","meta":{"_acf_changed":false},"product_cat":[127],"product_tag":[],"class_list":{"0":"post-19579","1":"product","2":"type-product","3":"status-publish","4":"has-post-thumbnail","6":"product_cat-comet-pompa-comet-regulator-comer-sanziman-es","8":"first","9":"instock","10":"shipping-taxable","11":"product-type-simple"},"acf":[],"_links":{"self":[{"href":"https:\/\/toyman.com.tr\/es\/wp-json\/wp\/v2\/product\/19579","targetHints":{"allow":["GET"]}}],"collection":[{"href":"https:\/\/toyman.com.tr\/es\/wp-json\/wp\/v2\/product"}],"about":[{"href":"https:\/\/toyman.com.tr\/es\/wp-json\/wp\/v2\/types\/product"}],"replies":[{"embeddable":true,"href":"https:\/\/toyman.com.tr\/es\/wp-json\/wp\/v2\/comments?post=19579"}],"version-history":[{"count":1,"href":"https:\/\/toyman.com.tr\/es\/wp-json\/wp\/v2\/product\/19579\/revisions"}],"predecessor-version":[{"id":19580,"href":"https:\/\/toyman.com.tr\/es\/wp-json\/wp\/v2\/product\/19579\/revisions\/19580"}],"wp:featuredmedia":[{"embeddable":true,"href":"https:\/\/toyman.com.tr\/es\/wp-json\/wp\/v2\/media\/13346"}],"wp:attachment":[{"href":"https:\/\/toyman.com.tr\/es\/wp-json\/wp\/v2\/media?parent=19579"}],"wp:term":[{"taxonomy":"product_cat","embeddable":true,"href":"https:\/\/toyman.com.tr\/es\/wp-json\/wp\/v2\/product_cat?post=19579"},{"taxonomy":"product_tag","embeddable":true,"href":"https:\/\/toyman.com.tr\/es\/wp-json\/wp\/v2\/product_tag?post=19579"}],"curies":[{"name":"wp","href":"https:\/\/api.w.org\/{rel}","templated":true}]}}