{"id":19582,"date":"2023-12-25T11:04:04","date_gmt":"2023-12-25T11:04:04","guid":{"rendered":"https:\/\/toyman.com.tr\/urun\/comet-polaris\/"},"modified":"2024-07-08T13:31:51","modified_gmt":"2024-07-08T13:31:51","slug":"comet-polaris","status":"publish","type":"product","link":"https:\/\/toyman.com.tr\/es\/urun\/comet-polaris\/","title":{"rendered":"COMET POLARIS"},"content":{"rendered":"<p><strong>Unidades De Control De Presi\u00f3n Comet Distribuidor T\u00fcrkiye<\/strong><\/p>\n<table width=\"691\">\n<tbody>\n<tr>\n<td width=\"130\">Regulador<\/td>\n<td width=\"150\">Bomba<\/td>\n<td width=\"130\">Entrega lt.\/min<\/td>\n<td width=\"130\">Barra de Presi\u00f3n<\/td>\n<td width=\"130\">N\u00famero De V\u00e1lvula<\/td>\n<td width=\"130\">Peso Kilos.<\/td>\n<\/tr>\n<tr>\n<td><strong>POLARIS<\/strong><\/td>\n<td>APS 31-41-51<\/td>\n<td>100<\/td>\n<td>40<\/td>\n<td>3<\/td>\n<td>1,2<\/td>\n<\/tr>\n<\/tbody>\n<\/table>\n","protected":false},"excerpt":{"rendered":"<p>\u2022 Conjunto de control de alta presi\u00f3n 40 bar<br \/>\n\u2022 Para regulaci\u00f3n de presi\u00f3n de bombas y control de distribuci\u00f3n de l\u00edquidos<br \/>\n\u2022 Construido en material pl\u00e1stico resistente a la corrosi\u00f3n.<br \/>\n\u2022 Apague la palanca de presi\u00f3n<br \/>\n\u2022 V\u00e1lvula de regulaci\u00f3n de presi\u00f3n constante<br \/>\n\u2022 3 salidas<\/p>\n","protected":false},"featured_media":13366,"comment_status":"open","ping_status":"closed","template":"","meta":{"_acf_changed":false},"product_cat":[127],"product_tag":[],"class_list":{"0":"post-19582","1":"product","2":"type-product","3":"status-publish","4":"has-post-thumbnail","6":"product_cat-comet-pompa-comet-regulator-comer-sanziman-es","8":"first","9":"instock","10":"shipping-taxable","11":"product-type-simple"},"acf":[],"_links":{"self":[{"href":"https:\/\/toyman.com.tr\/es\/wp-json\/wp\/v2\/product\/19582","targetHints":{"allow":["GET"]}}],"collection":[{"href":"https:\/\/toyman.com.tr\/es\/wp-json\/wp\/v2\/product"}],"about":[{"href":"https:\/\/toyman.com.tr\/es\/wp-json\/wp\/v2\/types\/product"}],"replies":[{"embeddable":true,"href":"https:\/\/toyman.com.tr\/es\/wp-json\/wp\/v2\/comments?post=19582"}],"version-history":[{"count":0,"href":"https:\/\/toyman.com.tr\/es\/wp-json\/wp\/v2\/product\/19582\/revisions"}],"wp:featuredmedia":[{"embeddable":true,"href":"https:\/\/toyman.com.tr\/es\/wp-json\/wp\/v2\/media\/13366"}],"wp:attachment":[{"href":"https:\/\/toyman.com.tr\/es\/wp-json\/wp\/v2\/media?parent=19582"}],"wp:term":[{"taxonomy":"product_cat","embeddable":true,"href":"https:\/\/toyman.com.tr\/es\/wp-json\/wp\/v2\/product_cat?post=19582"},{"taxonomy":"product_tag","embeddable":true,"href":"https:\/\/toyman.com.tr\/es\/wp-json\/wp\/v2\/product_tag?post=19582"}],"curies":[{"name":"wp","href":"https:\/\/api.w.org\/{rel}","templated":true}]}}