{"id":19589,"date":"2023-12-25T11:08:33","date_gmt":"2023-12-25T11:08:33","guid":{"rendered":"https:\/\/toyman.com.tr\/urun\/comet-hpr-2\/"},"modified":"2025-01-17T08:55:04","modified_gmt":"2025-01-17T08:55:04","slug":"comet-hpr-2","status":"publish","type":"product","link":"https:\/\/toyman.com.tr\/es\/urun\/comet-hpr-2\/","title":{"rendered":"COMET HPR-2"},"content":{"rendered":"<p><span style=\"color: #000000;\"><strong>Comet Pompa T\u00fcrkiye Distrib\u00fct\u00f6r\u00fc<\/strong><\/span><\/p>\n<table width=\"691\">\n<tbody>\n<tr>\n<td width=\"130\">Regulador<\/td>\n<td width=\"150\">Bomba<\/td>\n<td width=\"130\">Entrega lt.\/min<\/td>\n<td width=\"130\">Barra de Presi\u00f3n<\/td>\n<td width=\"130\">N\u00famero De V\u00e1lvula<\/td>\n<td width=\"130\">Peso Kilos.<\/td>\n<\/tr>\n<tr>\n<td><strong>HPR-2<\/strong><\/td>\n<td>APS 61-71-96 \/ APS 101-121<br \/>\nIDS 960<\/td>\n<td>150<\/td>\n<td>50<\/td>\n<td>3<\/td>\n<td>2,6<\/td>\n<\/tr>\n<\/tbody>\n<\/table>\n","protected":false},"excerpt":{"rendered":"<p>\u2022 Conjunto de control de alta presi\u00f3n 50 bar<br \/>\n\u2022 Para regulaci\u00f3n de presi\u00f3n de bombas y control de distribuci\u00f3n de l\u00edquidos<br \/>\n\u2022 Palanca de apagado general<br \/>\n\u2022 V\u00e1lvula de regulaci\u00f3n de presi\u00f3n constante<br \/>\n\u2022 Cuerpo de aluminio anodizado anticorrosi\u00f3n.<br \/>\n\u2022 3 salidas<\/p>\n","protected":false},"featured_media":13368,"comment_status":"open","ping_status":"closed","template":"","meta":{"_acf_changed":false},"product_cat":[127],"product_tag":[],"class_list":{"0":"post-19589","1":"product","2":"type-product","3":"status-publish","4":"has-post-thumbnail","6":"product_cat-comet-pompa-comet-regulator-comer-sanziman-es","8":"first","9":"instock","10":"shipping-taxable","11":"product-type-simple"},"acf":[],"_links":{"self":[{"href":"https:\/\/toyman.com.tr\/es\/wp-json\/wp\/v2\/product\/19589","targetHints":{"allow":["GET"]}}],"collection":[{"href":"https:\/\/toyman.com.tr\/es\/wp-json\/wp\/v2\/product"}],"about":[{"href":"https:\/\/toyman.com.tr\/es\/wp-json\/wp\/v2\/types\/product"}],"replies":[{"embeddable":true,"href":"https:\/\/toyman.com.tr\/es\/wp-json\/wp\/v2\/comments?post=19589"}],"version-history":[{"count":2,"href":"https:\/\/toyman.com.tr\/es\/wp-json\/wp\/v2\/product\/19589\/revisions"}],"predecessor-version":[{"id":20089,"href":"https:\/\/toyman.com.tr\/es\/wp-json\/wp\/v2\/product\/19589\/revisions\/20089"}],"wp:featuredmedia":[{"embeddable":true,"href":"https:\/\/toyman.com.tr\/es\/wp-json\/wp\/v2\/media\/13368"}],"wp:attachment":[{"href":"https:\/\/toyman.com.tr\/es\/wp-json\/wp\/v2\/media?parent=19589"}],"wp:term":[{"taxonomy":"product_cat","embeddable":true,"href":"https:\/\/toyman.com.tr\/es\/wp-json\/wp\/v2\/product_cat?post=19589"},{"taxonomy":"product_tag","embeddable":true,"href":"https:\/\/toyman.com.tr\/es\/wp-json\/wp\/v2\/product_tag?post=19589"}],"curies":[{"name":"wp","href":"https:\/\/api.w.org\/{rel}","templated":true}]}}