{"id":19603,"date":"2023-12-25T11:37:23","date_gmt":"2023-12-25T11:37:23","guid":{"rendered":"https:\/\/toyman.com.tr\/urun\/comer-gearboxes-d27\/"},"modified":"2024-07-08T14:18:18","modified_gmt":"2024-07-08T14:18:18","slug":"comer-gearboxes-d27","status":"publish","type":"product","link":"https:\/\/toyman.com.tr\/es\/urun\/comer-gearboxes-d27\/","title":{"rendered":"COMER <br>D27"},"content":{"rendered":"<p><strong>Comer Cajas de Cambios Distribuidor T\u00fcrkiye<\/strong><\/p>\n<table width=\"279\">\n<tbody>\n<tr>\n<td width=\"159\"><\/td>\n<td width=\"120\">C\u00d3DIGO<\/td>\n<\/tr>\n<tr>\n<td width=\"250\"><strong>Caja De Cambios Corta De Eje Recto<\/strong><br \/>\n(Longitud del eje 25,3 mm)<\/td>\n<td><strong>CR9727386<\/strong><\/td>\n<\/tr>\n<tr>\n<td width=\"159\"><strong>Caja De Cambios larga De Eje Recto<\/strong><br \/>\n(Longitud del eje 27,5 mm))<\/td>\n<td><strong>CR9727390<\/strong><\/td>\n<\/tr>\n<\/tbody>\n<\/table>\n<table width=\"279\">\n<tbody>\n<tr>\n<td width=\"159\"><\/td>\n<td width=\"120\">C\u00d3DIGO<\/td>\n<\/tr>\n<tr>\n<td width=\"159\"><strong>Caja De Cambios Corta Biselada<\/strong><br \/>\n(Longitud del eje 11,7 mm)<\/td>\n<td><strong>CR9727360<\/strong><\/td>\n<\/tr>\n<tr>\n<td width=\"159\"><strong>Caja De Cambios Larga C\u00f3nica<\/strong><br \/>\n(Longitud del eje 27,5 mm)<\/td>\n<td><strong>CR972700030<\/strong><\/td>\n<\/tr>\n<\/tbody>\n<\/table>\n","protected":false},"excerpt":{"rendered":"<table width=\"495\">\n<tbody>\n<tr>\n<td width=\"219\"><\/td>\n<td width=\"276\"><\/td>\n<\/tr>\n<tr>\n<td><strong>Relaci\u00f3n<\/strong><\/td>\n<td width=\"276\">1:4,36<br \/>\n1:3,69<\/td>\n<\/tr>\n<tr>\n<td><strong>Tasa de entrada<\/strong><\/td>\n<td>540 rpm<\/td>\n<\/tr>\n<tr>\n<td><strong>Potencia<\/strong><\/td>\n<td>30 hp<\/td>\n<\/tr>\n<tr>\n<td><strong>Tipo de aceite<\/strong><\/td>\n<td>SAE 90 EP<\/td>\n<\/tr>\n<tr>\n<td><strong>Capacidad de aceite<\/strong><\/td>\n<td>1.3 lt.<\/td>\n<\/tr>\n<tr>\n<td><strong>Aspectos<\/strong><\/td>\n<td width=\"276\">6207 2 pedazo<br \/>\n6305 1 pedazo<br \/>\n6208 1 pedazo<\/td>\n<\/tr>\n<tr>\n<td><strong>N\u00famero de engranajes y dientes<\/strong><\/td>\n<td width=\"276\">59 externo 1 pedazo<br \/>\n61 externo 1 pedazo<\/td>\n<\/tr>\n<tr>\n<td><strong>N\u00famero de dientes en el eje del pi\u00f1\u00f3n<\/strong><\/td>\n<td width=\"276\">16 diente en el eje<br \/>\n14 diente en el eje<\/td>\n<\/tr>\n<tr>\n<td><strong>Peso<\/strong><\/td>\n<td>25 kg.<\/td>\n<\/tr>\n<\/tbody>\n<\/table>\n","protected":false},"featured_media":13372,"comment_status":"open","ping_status":"closed","template":"","meta":{"_acf_changed":false},"product_cat":[127],"product_tag":[],"class_list":{"0":"post-19603","1":"product","2":"type-product","3":"status-publish","4":"has-post-thumbnail","6":"product_cat-comet-pompa-comet-regulator-comer-sanziman-es","8":"first","9":"instock","10":"shipping-taxable","11":"product-type-simple"},"acf":[],"_links":{"self":[{"href":"https:\/\/toyman.com.tr\/es\/wp-json\/wp\/v2\/product\/19603","targetHints":{"allow":["GET"]}}],"collection":[{"href":"https:\/\/toyman.com.tr\/es\/wp-json\/wp\/v2\/product"}],"about":[{"href":"https:\/\/toyman.com.tr\/es\/wp-json\/wp\/v2\/types\/product"}],"replies":[{"embeddable":true,"href":"https:\/\/toyman.com.tr\/es\/wp-json\/wp\/v2\/comments?post=19603"}],"version-history":[{"count":1,"href":"https:\/\/toyman.com.tr\/es\/wp-json\/wp\/v2\/product\/19603\/revisions"}],"predecessor-version":[{"id":19604,"href":"https:\/\/toyman.com.tr\/es\/wp-json\/wp\/v2\/product\/19603\/revisions\/19604"}],"wp:featuredmedia":[{"embeddable":true,"href":"https:\/\/toyman.com.tr\/es\/wp-json\/wp\/v2\/media\/13372"}],"wp:attachment":[{"href":"https:\/\/toyman.com.tr\/es\/wp-json\/wp\/v2\/media?parent=19603"}],"wp:term":[{"taxonomy":"product_cat","embeddable":true,"href":"https:\/\/toyman.com.tr\/es\/wp-json\/wp\/v2\/product_cat?post=19603"},{"taxonomy":"product_tag","embeddable":true,"href":"https:\/\/toyman.com.tr\/es\/wp-json\/wp\/v2\/product_tag?post=19603"}],"curies":[{"name":"wp","href":"https:\/\/api.w.org\/{rel}","templated":true}]}}