{"id":19605,"date":"2023-12-25T11:44:40","date_gmt":"2023-12-25T11:44:40","guid":{"rendered":"https:\/\/toyman.com.tr\/urun\/comer-gearboxes-d21\/"},"modified":"2024-07-08T14:25:03","modified_gmt":"2024-07-08T14:25:03","slug":"comer-gearboxes-d21","status":"publish","type":"product","link":"https:\/\/toyman.com.tr\/es\/urun\/comer-gearboxes-d21\/","title":{"rendered":"COMER <br>D21"},"content":{"rendered":"<p><strong>Comer Cajas de Cambios Distribuidor T\u00fcrkiye<\/strong><\/p>\n<table width=\"279\">\n<tbody>\n<tr>\n<td width=\"159\"><\/td>\n<td width=\"120\">C\u00d3DIGO<\/td>\n<\/tr>\n<tr>\n<td width=\"300\"><strong>Eje recto, caja de cambios larga y grande<\/strong><br \/>\n(Longitud del eje 28,68 mm)<\/td>\n<td><strong>CR9721472<\/strong><\/td>\n<\/tr>\n<tr>\n<td width=\"159\"><strong>Eje c\u00f3nico, caja de cambios larga y grande<\/strong><br \/>\n(Longitud del eje 28,68 mm)<\/td>\n<td><strong>CR9721433<\/strong><\/td>\n<\/tr>\n<\/tbody>\n<\/table>\n<p>&nbsp;<\/p>\n","protected":false},"excerpt":{"rendered":"<table width=\"495\">\n<tbody>\n<tr>\n<td width=\"219\"><\/td>\n<td width=\"276\"><\/td>\n<\/tr>\n<tr>\n<td><strong>Relaci\u00f3n<\/strong><\/td>\n<td width=\"276\">1:4,5<br \/>\n1:3,6<\/td>\n<\/tr>\n<tr>\n<td><strong>Tasa De Entrada<\/strong><\/td>\n<td>540 rpm<\/td>\n<\/tr>\n<tr>\n<td><strong>Fuerza<\/strong><\/td>\n<td>55 hp<\/td>\n<\/tr>\n<tr>\n<td><strong>Tipo De Aceite<\/strong><\/td>\n<td>SAE 90 LP<\/td>\n<\/tr>\n<tr>\n<td><strong>Capacidad De Aceite<\/strong><\/td>\n<td>1.38 lt.<\/td>\n<\/tr>\n<tr>\n<td><strong>Aspectos<\/strong><\/td>\n<td width=\"276\">6207 2 pedazo<br \/>\n6307 1 pedazo<br \/>\n6308 1 pedazo<br \/>\n6310 1 pedazo<\/td>\n<\/tr>\n<tr>\n<td><strong>N\u00famero De Engranajes y Dientes<\/strong><\/td>\n<td width=\"276\">68 di\u015f 1 pedazo<br \/>\n65 di\u015f 1 pedazo<\/td>\n<\/tr>\n<tr>\n<td><strong>N\u00famero De Dientes En El Eje Del Pi\u00f1\u00f3n<\/strong><\/td>\n<td width=\"276\">18 diente en el eje<br \/>\n15 diente en el eje<\/td>\n<\/tr>\n<tr>\n<td><strong>Peso<\/strong><\/td>\n<td>31 kg.<\/td>\n<\/tr>\n<\/tbody>\n<\/table>\n","protected":false},"featured_media":13370,"comment_status":"open","ping_status":"closed","template":"","meta":{"_acf_changed":false},"product_cat":[127],"product_tag":[],"class_list":{"0":"post-19605","1":"product","2":"type-product","3":"status-publish","4":"has-post-thumbnail","6":"product_cat-comet-pompa-comet-regulator-comer-sanziman-es","8":"first","9":"instock","10":"shipping-taxable","11":"product-type-simple"},"acf":[],"_links":{"self":[{"href":"https:\/\/toyman.com.tr\/es\/wp-json\/wp\/v2\/product\/19605","targetHints":{"allow":["GET"]}}],"collection":[{"href":"https:\/\/toyman.com.tr\/es\/wp-json\/wp\/v2\/product"}],"about":[{"href":"https:\/\/toyman.com.tr\/es\/wp-json\/wp\/v2\/types\/product"}],"replies":[{"embeddable":true,"href":"https:\/\/toyman.com.tr\/es\/wp-json\/wp\/v2\/comments?post=19605"}],"version-history":[{"count":1,"href":"https:\/\/toyman.com.tr\/es\/wp-json\/wp\/v2\/product\/19605\/revisions"}],"predecessor-version":[{"id":19606,"href":"https:\/\/toyman.com.tr\/es\/wp-json\/wp\/v2\/product\/19605\/revisions\/19606"}],"wp:featuredmedia":[{"embeddable":true,"href":"https:\/\/toyman.com.tr\/es\/wp-json\/wp\/v2\/media\/13370"}],"wp:attachment":[{"href":"https:\/\/toyman.com.tr\/es\/wp-json\/wp\/v2\/media?parent=19605"}],"wp:term":[{"taxonomy":"product_cat","embeddable":true,"href":"https:\/\/toyman.com.tr\/es\/wp-json\/wp\/v2\/product_cat?post=19605"},{"taxonomy":"product_tag","embeddable":true,"href":"https:\/\/toyman.com.tr\/es\/wp-json\/wp\/v2\/product_tag?post=19605"}],"curies":[{"name":"wp","href":"https:\/\/api.w.org\/{rel}","templated":true}]}}