{"id":20022,"date":"2025-09-16T14:20:55","date_gmt":"2025-09-16T14:20:55","guid":{"rendered":"https:\/\/toyman.com.tr\/?post_type=product&#038;p=20022"},"modified":"2025-09-30T14:05:16","modified_gmt":"2025-09-30T14:05:16","slug":"hexa-e-caja-de-control","status":"publish","type":"product","link":"https:\/\/toyman.com.tr\/es\/urun\/hexa-e-caja-de-control\/","title":{"rendered":"HEXA-E <br>CAJA DE CONTROL"},"content":{"rendered":"<table width=\"526\">\n<tbody>\n<tr>\n<td width=\"119\">C\u00d3DIGO<\/td>\n<td width=\"119\">V\u00e1lvula Principal<\/td>\n<td width=\"119\">Presi\u00f3n<\/td>\n<td width=\"119\">Vias<\/td>\n<td width=\"119\">Func. D<\/td>\n<td width=\"119\">ID Fonksiyon<\/td>\n<\/tr>\n<tr>\n<td><strong>101500230<\/strong><\/td>\n<td width=\"95\">+<\/td>\n<td width=\"77\">+<\/td>\n<td width=\"79\">&#8211;<\/td>\n<td width=\"79\">&#8211;<\/td>\n<td width=\"77\">&#8211;<\/td>\n<\/tr>\n<tr>\n<td><strong>101500201<\/strong><\/td>\n<td width=\"95\">&#8211;<\/td>\n<td width=\"77\">&#8211;<\/td>\n<td>1<\/td>\n<td width=\"79\">&#8211;<\/td>\n<td width=\"77\">&#8211;<\/td>\n<\/tr>\n<tr>\n<td><strong>101500202<\/strong><\/td>\n<td width=\"95\">&#8211;<\/td>\n<td width=\"77\">&#8211;<\/td>\n<td>2<\/td>\n<td width=\"79\">&#8211;<\/td>\n<td width=\"77\">&#8211;<\/td>\n<\/tr>\n<tr>\n<td><strong>101500212<\/strong><\/td>\n<td width=\"95\">+<\/td>\n<td width=\"77\">&#8211;<\/td>\n<td>2<\/td>\n<td width=\"79\">+<\/td>\n<td width=\"77\">&#8211;<\/td>\n<\/tr>\n<tr>\n<td><strong>101500222<\/strong><\/td>\n<td width=\"95\">&#8211;<\/td>\n<td width=\"77\">+<\/td>\n<td>2<\/td>\n<td width=\"79\">&#8211;<\/td>\n<td width=\"77\">&#8211;<\/td>\n<\/tr>\n<tr>\n<td><strong>101500232<\/strong><\/td>\n<td width=\"95\">+<\/td>\n<td width=\"77\">+<\/td>\n<td>2<\/td>\n<td width=\"79\">+<\/td>\n<td width=\"77\">&#8211;<\/td>\n<\/tr>\n<tr>\n<td><strong>101500204<\/strong><\/td>\n<td width=\"95\">&#8211;<\/td>\n<td width=\"77\">&#8211;<\/td>\n<td>4<\/td>\n<td width=\"79\">&#8211;<\/td>\n<td width=\"77\">&#8211;<\/td>\n<\/tr>\n<tr>\n<td><strong>101500262<\/strong><\/td>\n<td width=\"95\">+<\/td>\n<td width=\"77\">&#8211;<\/td>\n<td>2<\/td>\n<td width=\"79\">&#8211;<\/td>\n<td width=\"77\">+<\/td>\n<\/tr>\n<tr>\n<td><strong>101500282<\/strong><\/td>\n<td width=\"95\">+<\/td>\n<td width=\"77\">+<\/td>\n<td>2<\/td>\n<td width=\"79\">&#8211;<\/td>\n<td width=\"77\">+<\/td>\n<\/tr>\n<\/tbody>\n<\/table>\n","protected":false},"excerpt":{"rendered":"<p>\u2022 Cajas de control compactas para electrov\u00e1lvulas<br \/>\n\u2022 Opciones de control de 1-2 y 4 salidas<br \/>\n\u2022 Opciones de control de presi\u00f3n y v\u00e1lvula principal<br \/>\n\u2022 Opciones de modo D o ID (Ver tabla de c\u00f3digos)<br \/>\n\u2022 D: V\u00e1lvulas de secci\u00f3n controladas por la v\u00e1lvula principal ID: V\u00e1lvulas de secci\u00f3n independientes<\/p>\n","protected":false},"featured_media":20277,"comment_status":"open","ping_status":"closed","template":"","meta":{"_acf_changed":false},"product_cat":[250,146],"product_tag":[],"class_list":{"0":"post-20022","1":"product","2":"type-product","3":"status-publish","4":"has-post-thumbnail","6":"product_cat-serie-hexa","7":"product_cat-sistemas-de-control","9":"first","10":"instock","11":"shipping-taxable","12":"product-type-simple"},"acf":[],"_links":{"self":[{"href":"https:\/\/toyman.com.tr\/es\/wp-json\/wp\/v2\/product\/20022","targetHints":{"allow":["GET"]}}],"collection":[{"href":"https:\/\/toyman.com.tr\/es\/wp-json\/wp\/v2\/product"}],"about":[{"href":"https:\/\/toyman.com.tr\/es\/wp-json\/wp\/v2\/types\/product"}],"replies":[{"embeddable":true,"href":"https:\/\/toyman.com.tr\/es\/wp-json\/wp\/v2\/comments?post=20022"}],"version-history":[{"count":2,"href":"https:\/\/toyman.com.tr\/es\/wp-json\/wp\/v2\/product\/20022\/revisions"}],"predecessor-version":[{"id":22201,"href":"https:\/\/toyman.com.tr\/es\/wp-json\/wp\/v2\/product\/20022\/revisions\/22201"}],"wp:featuredmedia":[{"embeddable":true,"href":"https:\/\/toyman.com.tr\/es\/wp-json\/wp\/v2\/media\/20277"}],"wp:attachment":[{"href":"https:\/\/toyman.com.tr\/es\/wp-json\/wp\/v2\/media?parent=20022"}],"wp:term":[{"taxonomy":"product_cat","embeddable":true,"href":"https:\/\/toyman.com.tr\/es\/wp-json\/wp\/v2\/product_cat?post=20022"},{"taxonomy":"product_tag","embeddable":true,"href":"https:\/\/toyman.com.tr\/es\/wp-json\/wp\/v2\/product_tag?post=20022"}],"curies":[{"name":"wp","href":"https:\/\/api.w.org\/{rel}","templated":true}]}}