{"id":20025,"date":"2025-09-16T14:22:08","date_gmt":"2025-09-16T14:22:08","guid":{"rendered":"https:\/\/toyman.com.tr\/?post_type=product&#038;p=20025"},"modified":"2025-09-30T14:04:27","modified_gmt":"2025-09-30T14:04:27","slug":"hexa-e-caja-de-control-kopya","status":"publish","type":"product","link":"https:\/\/toyman.com.tr\/es\/urun\/hexa-e-caja-de-control-kopya\/","title":{"rendered":"HEXA-S <br>CAJA DE CONTROL"},"content":{"rendered":"<table width=\"449\">\n<tbody>\n<tr>\n<td width=\"119\">C\u00d3DIGO<\/td>\n<td width=\"119\">V\u00e1lvula Principal<\/td>\n<td width=\"119\">Presi\u00f3n<\/td>\n<td width=\"119\">Vias<\/td>\n<td width=\"119\">Func. D<\/td>\n<\/tr>\n<tr>\n<td><strong>101500301<\/strong><\/td>\n<td width=\"95\">&#8211;<\/td>\n<td width=\"77\">&#8211;<\/td>\n<td>1<\/td>\n<td width=\"79\">&#8211;<\/td>\n<\/tr>\n<tr>\n<td><strong>101500302<\/strong><\/td>\n<td width=\"95\">&#8211;<\/td>\n<td width=\"77\">&#8211;<\/td>\n<td>2<\/td>\n<td width=\"79\">&#8211;<\/td>\n<\/tr>\n<tr>\n<td><strong>101500312<\/strong><\/td>\n<td width=\"95\">+<\/td>\n<td width=\"77\">&#8211;<\/td>\n<td>2<\/td>\n<td width=\"79\">+<\/td>\n<\/tr>\n<tr>\n<td><strong>101500332<\/strong><\/td>\n<td width=\"95\">+<\/td>\n<td width=\"77\">+<\/td>\n<td>2<\/td>\n<td width=\"79\">+<\/td>\n<\/tr>\n<\/tbody>\n<\/table>\n<p>&nbsp;<\/p>\n<p>&nbsp;<\/p>\n","protected":false},"excerpt":{"rendered":"<p>\u2022 Cajas de control compactas para v\u00e1lvulas solenoides<br \/>\n\u2022 Opciones de control de 1 y 2 salidas<br \/>\n\u2022 Opciones de control de presi\u00f3n y v\u00e1lvula principal<br \/>\n\u2022 Opci\u00f3n de modo D (Ver tabla de c\u00f3digos)<br \/>\n\u2022 D: V\u00e1lvulas de secci\u00f3n controladas por la v\u00e1lvula principal<\/p>\n","protected":false},"featured_media":20280,"comment_status":"open","ping_status":"closed","template":"","meta":{"_acf_changed":false},"product_cat":[250,146],"product_tag":[],"class_list":{"0":"post-20025","1":"product","2":"type-product","3":"status-publish","4":"has-post-thumbnail","6":"product_cat-serie-hexa","7":"product_cat-sistemas-de-control","9":"first","10":"instock","11":"shipping-taxable","12":"product-type-simple"},"acf":[],"_links":{"self":[{"href":"https:\/\/toyman.com.tr\/es\/wp-json\/wp\/v2\/product\/20025","targetHints":{"allow":["GET"]}}],"collection":[{"href":"https:\/\/toyman.com.tr\/es\/wp-json\/wp\/v2\/product"}],"about":[{"href":"https:\/\/toyman.com.tr\/es\/wp-json\/wp\/v2\/types\/product"}],"replies":[{"embeddable":true,"href":"https:\/\/toyman.com.tr\/es\/wp-json\/wp\/v2\/comments?post=20025"}],"version-history":[{"count":4,"href":"https:\/\/toyman.com.tr\/es\/wp-json\/wp\/v2\/product\/20025\/revisions"}],"predecessor-version":[{"id":22211,"href":"https:\/\/toyman.com.tr\/es\/wp-json\/wp\/v2\/product\/20025\/revisions\/22211"}],"wp:featuredmedia":[{"embeddable":true,"href":"https:\/\/toyman.com.tr\/es\/wp-json\/wp\/v2\/media\/20280"}],"wp:attachment":[{"href":"https:\/\/toyman.com.tr\/es\/wp-json\/wp\/v2\/media?parent=20025"}],"wp:term":[{"taxonomy":"product_cat","embeddable":true,"href":"https:\/\/toyman.com.tr\/es\/wp-json\/wp\/v2\/product_cat?post=20025"},{"taxonomy":"product_tag","embeddable":true,"href":"https:\/\/toyman.com.tr\/es\/wp-json\/wp\/v2\/product_tag?post=20025"}],"curies":[{"name":"wp","href":"https:\/\/api.w.org\/{rel}","templated":true}]}}