{"id":20150,"date":"2025-09-16T10:00:20","date_gmt":"2025-09-16T10:00:20","guid":{"rendered":"https:\/\/toyman.com.tr\/?post_type=product&#038;p=20150"},"modified":"2025-09-24T08:15:09","modified_gmt":"2025-09-24T08:15:09","slug":"hexa-e-caja-de-control-kopya-2","status":"publish","type":"product","link":"https:\/\/toyman.com.tr\/es\/urun\/hexa-e-caja-de-control-kopya-2\/","title":{"rendered":"OCTA CAJA DE CONTROL"},"content":{"rendered":"<table width=\"750\">\n<tbody>\n<tr>\n<td width=\"125\">C\u00d3DIGO<\/td>\n<td width=\"125\">V\u00e1lvula Principal<\/td>\n<td width=\"125\">Presi\u00f3n<\/td>\n<td width=\"125\">Vias<\/td>\n<td width=\"125\">Func. D<\/td>\n<td width=\"125\">Func. ID<\/td>\n<\/tr>\n<tr>\n<td><strong>101600233<\/strong><\/td>\n<td width=\"125\">+<\/td>\n<td width=\"125\">+<\/td>\n<td>3<\/td>\n<td width=\"125\">+<\/td>\n<td width=\"125\">+<\/td>\n<\/tr>\n<tr>\n<td><strong>101600234<\/strong><\/td>\n<td width=\"125\">+<\/td>\n<td width=\"125\">+<\/td>\n<td>4<\/td>\n<td width=\"125\">+<\/td>\n<td width=\"125\">+<\/td>\n<\/tr>\n<tr>\n<td><strong>101600235<\/strong><\/td>\n<td width=\"125\">+<\/td>\n<td width=\"125\">+<\/td>\n<td>5<\/td>\n<td width=\"125\">+<\/td>\n<td width=\"125\">+<\/td>\n<\/tr>\n<tr>\n<td><strong>101600236<\/strong><\/td>\n<td width=\"125\">+<\/td>\n<td width=\"125\">+<\/td>\n<td>6<\/td>\n<td width=\"125\">+<\/td>\n<td width=\"125\">+<\/td>\n<\/tr>\n<tr>\n<td><strong>101600237<\/strong><\/td>\n<td width=\"125\">+<\/td>\n<td width=\"125\">+<\/td>\n<td>7<\/td>\n<td width=\"125\">+<\/td>\n<td width=\"125\">+<\/td>\n<\/tr>\n<\/tbody>\n<\/table>\n","protected":false},"excerpt":{"rendered":"<p>\u2022 Cajas de control compactas para electrov\u00e1lvulas<br \/>\n\u2022 Opciones de control 3-4-5-6-7 salidas<br \/>\n\u2022 Opciones de control de presi\u00f3n y v\u00e1lvula principal<br \/>\n\u2022 Opciones de modo D o ID (Ver tabla de c\u00f3digos)<br \/>\n\u2022 D: V\u00e1lvulas de secci\u00f3n controladas por la v\u00e1lvula principal<br \/>\n\u2022 ID: V\u00e1lvulas de secci\u00f3n independientes<\/p>\n","protected":false},"featured_media":20153,"comment_status":"open","ping_status":"closed","template":"","meta":{"_acf_changed":false},"product_cat":[201,146],"product_tag":[],"class_list":{"0":"post-20150","1":"product","2":"type-product","3":"status-publish","4":"has-post-thumbnail","6":"product_cat-octa-serisi-es","7":"product_cat-sistemas-de-control","9":"first","10":"instock","11":"shipping-taxable","12":"product-type-simple"},"acf":[],"_links":{"self":[{"href":"https:\/\/toyman.com.tr\/es\/wp-json\/wp\/v2\/product\/20150","targetHints":{"allow":["GET"]}}],"collection":[{"href":"https:\/\/toyman.com.tr\/es\/wp-json\/wp\/v2\/product"}],"about":[{"href":"https:\/\/toyman.com.tr\/es\/wp-json\/wp\/v2\/types\/product"}],"replies":[{"embeddable":true,"href":"https:\/\/toyman.com.tr\/es\/wp-json\/wp\/v2\/comments?post=20150"}],"version-history":[{"count":3,"href":"https:\/\/toyman.com.tr\/es\/wp-json\/wp\/v2\/product\/20150\/revisions"}],"predecessor-version":[{"id":20238,"href":"https:\/\/toyman.com.tr\/es\/wp-json\/wp\/v2\/product\/20150\/revisions\/20238"}],"wp:featuredmedia":[{"embeddable":true,"href":"https:\/\/toyman.com.tr\/es\/wp-json\/wp\/v2\/media\/20153"}],"wp:attachment":[{"href":"https:\/\/toyman.com.tr\/es\/wp-json\/wp\/v2\/media?parent=20150"}],"wp:term":[{"taxonomy":"product_cat","embeddable":true,"href":"https:\/\/toyman.com.tr\/es\/wp-json\/wp\/v2\/product_cat?post=20150"},{"taxonomy":"product_tag","embeddable":true,"href":"https:\/\/toyman.com.tr\/es\/wp-json\/wp\/v2\/product_tag?post=20150"}],"curies":[{"name":"wp","href":"https:\/\/api.w.org\/{rel}","templated":true}]}}