{"id":20317,"date":"2025-09-17T06:43:19","date_gmt":"2025-09-17T06:43:19","guid":{"rendered":"https:\/\/toyman.com.tr\/?post_type=product&#038;p=20317"},"modified":"2025-11-10T14:01:06","modified_gmt":"2025-11-10T14:01:06","slug":"manometre-kutusu","status":"publish","type":"product","link":"https:\/\/toyman.com.tr\/es\/urun\/manometre-kutusu\/","title":{"rendered":"MANOMETRE KUTUSU"},"content":{"rendered":"<table width=\"510\">\n<tbody>\n<tr>\n<td width=\"110\">C\u00d3DIGO<\/td>\n<td width=\"210\">Rango de Escala (Bar)<\/td>\n<td width=\"110\">Clase<\/td>\n<td width=\"110\">Tipo<\/td>\n<\/tr>\n<tr>\n<td><strong>101620225<\/strong><\/td>\n<td width=\"180\">0 \u00f7 25<\/td>\n<td>2,5<\/td>\n<td rowspan=\"3\" width=\"110\">Est\u00e1ndar<\/td>\n<\/tr>\n<tr>\n<td><strong>101620240<\/strong><\/td>\n<td width=\"180\">0 \u00f7 40<\/td>\n<td>2,5<\/td>\n<\/tr>\n<tr>\n<td><strong>101620260<\/strong><\/td>\n<td width=\"180\">0 \u00f7 60<\/td>\n<td>2,5<\/td>\n<\/tr>\n<tr>\n<td colspan=\"4\" width=\"510\"><\/td>\n<\/tr>\n<tr>\n<td><strong>101620325<\/strong><\/td>\n<td width=\"180\">0 \u00f7 25\/25<\/td>\n<td>1,6<\/td>\n<td rowspan=\"2\" width=\"110\">Isom\u00e9trico<\/td>\n<\/tr>\n<tr>\n<td><strong>101620360<\/strong><\/td>\n<td width=\"180\">0 \u00f7 20\/60<\/td>\n<td>1,6<\/td>\n<\/tr>\n<\/tbody>\n<\/table>\n","protected":false},"excerpt":{"rendered":"<p>C\u00d3DIGO Rango de Escala (Bar) Clase Tipo 101620225 0 \u00f7 25 2,5 Est\u00e1ndar 101620240 0 \u00f7 40 2,5 101620260 0 \u00f7 60 2,5 101620325 0 \u00f7 25\/25 1,6 Isom\u00e9trico 101620360 0 \u00f7 20\/60 1,6<\/p>\n","protected":false},"featured_media":20305,"comment_status":"open","ping_status":"closed","template":"","meta":{"_acf_changed":false},"product_cat":[250,201,146],"product_tag":[],"class_list":{"0":"post-20317","1":"product","2":"type-product","3":"status-publish","4":"has-post-thumbnail","6":"product_cat-serie-hexa","7":"product_cat-octa-serisi-es","8":"product_cat-sistemas-de-control","10":"first","11":"instock","12":"shipping-taxable","13":"product-type-simple"},"acf":[],"_links":{"self":[{"href":"https:\/\/toyman.com.tr\/es\/wp-json\/wp\/v2\/product\/20317","targetHints":{"allow":["GET"]}}],"collection":[{"href":"https:\/\/toyman.com.tr\/es\/wp-json\/wp\/v2\/product"}],"about":[{"href":"https:\/\/toyman.com.tr\/es\/wp-json\/wp\/v2\/types\/product"}],"replies":[{"embeddable":true,"href":"https:\/\/toyman.com.tr\/es\/wp-json\/wp\/v2\/comments?post=20317"}],"version-history":[{"count":2,"href":"https:\/\/toyman.com.tr\/es\/wp-json\/wp\/v2\/product\/20317\/revisions"}],"predecessor-version":[{"id":20320,"href":"https:\/\/toyman.com.tr\/es\/wp-json\/wp\/v2\/product\/20317\/revisions\/20320"}],"wp:featuredmedia":[{"embeddable":true,"href":"https:\/\/toyman.com.tr\/es\/wp-json\/wp\/v2\/media\/20305"}],"wp:attachment":[{"href":"https:\/\/toyman.com.tr\/es\/wp-json\/wp\/v2\/media?parent=20317"}],"wp:term":[{"taxonomy":"product_cat","embeddable":true,"href":"https:\/\/toyman.com.tr\/es\/wp-json\/wp\/v2\/product_cat?post=20317"},{"taxonomy":"product_tag","embeddable":true,"href":"https:\/\/toyman.com.tr\/es\/wp-json\/wp\/v2\/product_tag?post=20317"}],"curies":[{"name":"wp","href":"https:\/\/api.w.org\/{rel}","templated":true}]}}