{"id":20390,"date":"2025-09-18T12:00:42","date_gmt":"2025-09-18T12:00:42","guid":{"rendered":"https:\/\/toyman.com.tr\/?post_type=product&#038;p=20390"},"modified":"2025-09-24T08:33:09","modified_gmt":"2025-09-24T08:33:09","slug":"umay-sflb-grupo-electrico-proporcional","status":"publish","type":"product","link":"https:\/\/toyman.com.tr\/es\/urun\/umay-sflb-grupo-electrico-proporcional\/","title":{"rendered":"UMAY-SFLB GRUPO EL\u00c9CTRICO PROPORCIONAL"},"content":{"rendered":"<table width=\"335\">\n<tbody>\n<tr>\n<td width=\"110\">C\u00d3DIGO<\/td>\n<td width=\"75\">Vias<\/td>\n<td width=\"75\">lt\/min<\/td>\n<td width=\"75\">Bar<\/td>\n<\/tr>\n<tr>\n<td><strong>1030242012<\/strong><\/td>\n<td width=\"75\">2<\/td>\n<td rowspan=\"6\" width=\"75\">180<\/td>\n<td rowspan=\"6\" width=\"75\">20<\/td>\n<\/tr>\n<tr>\n<td><strong>1030242013<\/strong><\/td>\n<td width=\"75\">3<\/td>\n<\/tr>\n<tr>\n<td><strong>1030242014<\/strong><\/td>\n<td width=\"75\">4<\/td>\n<\/tr>\n<tr>\n<td><strong>1030242015<\/strong><\/td>\n<td width=\"75\">5<\/td>\n<\/tr>\n<tr>\n<td><strong>1030242016<\/strong><\/td>\n<td width=\"75\">6<\/td>\n<\/tr>\n<tr>\n<td><strong>1030242017<\/strong><\/td>\n<td width=\"75\">7<\/td>\n<\/tr>\n<\/tbody>\n<\/table>\n<p style=\"text-align: center;\"><strong>Las dimensiones de entrada y salida deben especificarse por separado<\/strong><\/p>\n","protected":false},"excerpt":{"rendered":"<p>\u2022 V\u00e1lvulas de secci\u00f3n el\u00e9ctricas con<br \/>\ncalibraci\u00f3n por by-pass<br \/>\n\u2022 V\u00e1lvula de control principal el\u00e9ctrica<br \/>\n\u2022 Regulador de presi\u00f3n ajustable<br \/>\n\u2022 V\u00e1lvula proporcional el\u00e9ctrica &#8211; 7<br \/>\nsegundos<br \/>\n\u2022 Filtro de l\u00ednea con acoplamientos de<br \/>\nhorquilla<br \/>\n\u2022 Caudal\u00edmetro electromagn\u00e9tico<\/p>\n","protected":false},"featured_media":25377,"comment_status":"open","ping_status":"closed","template":"","meta":{"_acf_changed":false},"product_cat":[169,242,246],"product_tag":[],"class_list":{"0":"post-20390","1":"product","2":"type-product","3":"status-publish","4":"has-post-thumbnail","6":"product_cat-grupos-de-mando-de-baja-presio","7":"product_cat-serie-umay","8":"product_cat-umay-sflb-sk-grupo-electrico-proporcional","10":"first","11":"instock","12":"shipping-taxable","13":"product-type-simple"},"acf":[],"_links":{"self":[{"href":"https:\/\/toyman.com.tr\/es\/wp-json\/wp\/v2\/product\/20390","targetHints":{"allow":["GET"]}}],"collection":[{"href":"https:\/\/toyman.com.tr\/es\/wp-json\/wp\/v2\/product"}],"about":[{"href":"https:\/\/toyman.com.tr\/es\/wp-json\/wp\/v2\/types\/product"}],"replies":[{"embeddable":true,"href":"https:\/\/toyman.com.tr\/es\/wp-json\/wp\/v2\/comments?post=20390"}],"version-history":[{"count":3,"href":"https:\/\/toyman.com.tr\/es\/wp-json\/wp\/v2\/product\/20390\/revisions"}],"predecessor-version":[{"id":20420,"href":"https:\/\/toyman.com.tr\/es\/wp-json\/wp\/v2\/product\/20390\/revisions\/20420"}],"wp:featuredmedia":[{"embeddable":true,"href":"https:\/\/toyman.com.tr\/es\/wp-json\/wp\/v2\/media\/25377"}],"wp:attachment":[{"href":"https:\/\/toyman.com.tr\/es\/wp-json\/wp\/v2\/media?parent=20390"}],"wp:term":[{"taxonomy":"product_cat","embeddable":true,"href":"https:\/\/toyman.com.tr\/es\/wp-json\/wp\/v2\/product_cat?post=20390"},{"taxonomy":"product_tag","embeddable":true,"href":"https:\/\/toyman.com.tr\/es\/wp-json\/wp\/v2\/product_tag?post=20390"}],"curies":[{"name":"wp","href":"https:\/\/api.w.org\/{rel}","templated":true}]}}