{"id":20542,"date":"2025-09-18T12:11:48","date_gmt":"2025-09-18T12:11:48","guid":{"rendered":"https:\/\/toyman.com.tr\/?post_type=product&#038;p=20542"},"modified":"2025-11-17T07:32:53","modified_gmt":"2025-11-17T07:32:53","slug":"umay-pcf-02grupo-electrico-proporcional-kopya","status":"publish","type":"product","link":"https:\/\/toyman.com.tr\/es\/urun\/umay-pcf-02grupo-electrico-proporcional-kopya\/","title":{"rendered":"UMAY-PCF 03"},"content":{"rendered":"<table width=\"335\">\n<tbody>\n<tr>\n<td width=\"110\">C\u00d3DIGO<\/td>\n<td width=\"75\">Vias<\/td>\n<td width=\"75\">lt\/min<\/td>\n<td width=\"75\">Bar<\/td>\n<\/tr>\n<tr>\n<td><strong>1030151813<\/strong><\/td>\n<td width=\"75\">3<\/td>\n<td width=\"75\">180<\/td>\n<td width=\"75\">20<\/td>\n<\/tr>\n<\/tbody>\n<\/table>\n<p style=\"text-align: center;\">\n","protected":false},"excerpt":{"rendered":"<p>\u2022 V\u00e1lvulas de secci\u00f3n el\u00e9ctricas con calibraci\u00f3n por by-pass<br \/>\n\u2022 V\u00e1lvula de control principal el\u00e9ctrica<br \/>\n\u2022 Regulador de presi\u00f3n ajustable<br \/>\n\u2022 V\u00e1lvula proporcional el\u00e9ctrica<br \/>\n\u2022 Filtro de l\u00ednea<\/p>\n","protected":false},"featured_media":20522,"comment_status":"open","ping_status":"closed","template":"","meta":{"_acf_changed":false},"product_cat":[169,242,240],"product_tag":[],"class_list":{"0":"post-20542","1":"product","2":"type-product","3":"status-publish","4":"has-post-thumbnail","6":"product_cat-grupos-de-mando-de-baja-presio","7":"product_cat-serie-umay","8":"product_cat-umay-pcf-grupo-electrico-proporcional","10":"first","11":"instock","12":"shipping-taxable","13":"product-type-simple"},"acf":[],"_links":{"self":[{"href":"https:\/\/toyman.com.tr\/es\/wp-json\/wp\/v2\/product\/20542","targetHints":{"allow":["GET"]}}],"collection":[{"href":"https:\/\/toyman.com.tr\/es\/wp-json\/wp\/v2\/product"}],"about":[{"href":"https:\/\/toyman.com.tr\/es\/wp-json\/wp\/v2\/types\/product"}],"replies":[{"embeddable":true,"href":"https:\/\/toyman.com.tr\/es\/wp-json\/wp\/v2\/comments?post=20542"}],"version-history":[{"count":4,"href":"https:\/\/toyman.com.tr\/es\/wp-json\/wp\/v2\/product\/20542\/revisions"}],"predecessor-version":[{"id":24828,"href":"https:\/\/toyman.com.tr\/es\/wp-json\/wp\/v2\/product\/20542\/revisions\/24828"}],"wp:featuredmedia":[{"embeddable":true,"href":"https:\/\/toyman.com.tr\/es\/wp-json\/wp\/v2\/media\/20522"}],"wp:attachment":[{"href":"https:\/\/toyman.com.tr\/es\/wp-json\/wp\/v2\/media?parent=20542"}],"wp:term":[{"taxonomy":"product_cat","embeddable":true,"href":"https:\/\/toyman.com.tr\/es\/wp-json\/wp\/v2\/product_cat?post=20542"},{"taxonomy":"product_tag","embeddable":true,"href":"https:\/\/toyman.com.tr\/es\/wp-json\/wp\/v2\/product_tag?post=20542"}],"curies":[{"name":"wp","href":"https:\/\/api.w.org\/{rel}","templated":true}]}}