{"id":20952,"date":"2025-09-18T13:23:32","date_gmt":"2025-09-18T13:23:32","guid":{"rendered":"https:\/\/toyman.com.tr\/?post_type=product&#038;p=20952"},"modified":"2025-09-25T14:00:55","modified_gmt":"2025-09-25T14:00:55","slug":"ceres-mpcf-03grupo-manual-proporcional-kopya","status":"publish","type":"product","link":"https:\/\/toyman.com.tr\/es\/urun\/ceres-mpcf-03grupo-manual-proporcional-kopya\/","title":{"rendered":"CERES-MPCF 04"},"content":{"rendered":"<table width=\"335\">\n<tbody>\n<tr>\n<td width=\"110\">C\u00d3DIGO<\/td>\n<td width=\"75\">Vias<\/td>\n<td width=\"75\">lt\/min<\/td>\n<td width=\"75\">Bar<\/td>\n<\/tr>\n<tr>\n<td><strong>1030131814<\/strong><\/td>\n<td width=\"75\">4<\/td>\n<td width=\"75\">180<\/td>\n<td width=\"75\">20<\/td>\n<\/tr>\n<\/tbody>\n<\/table>\n<p style=\"text-align: center;\">\n","protected":false},"excerpt":{"rendered":"<p>\u2022 V\u00e1lvulas de secci\u00f3n manuales con calibraci\u00f3n por by-pass<br \/>\n\u2022 V\u00e1lvula de control principal manual<br \/>\n\u2022 Regulador de presi\u00f3n ajustable<br \/>\n\u2022 V\u00e1lvula proporcional manual<br \/>\n\u2022 Filtro de l\u00ednea<\/p>\n","protected":false},"featured_media":20929,"comment_status":"open","ping_status":"closed","template":"","meta":{"_acf_changed":false},"product_cat":[234,169,236],"product_tag":[],"class_list":{"0":"post-20952","1":"product","2":"type-product","3":"status-publish","4":"has-post-thumbnail","6":"product_cat-ceres-mpcf-grupo-manual-proporcional","7":"product_cat-grupos-de-mando-de-baja-presio","8":"product_cat-serie-ceres","10":"first","11":"instock","12":"shipping-taxable","13":"product-type-simple"},"acf":[],"_links":{"self":[{"href":"https:\/\/toyman.com.tr\/es\/wp-json\/wp\/v2\/product\/20952","targetHints":{"allow":["GET"]}}],"collection":[{"href":"https:\/\/toyman.com.tr\/es\/wp-json\/wp\/v2\/product"}],"about":[{"href":"https:\/\/toyman.com.tr\/es\/wp-json\/wp\/v2\/types\/product"}],"replies":[{"embeddable":true,"href":"https:\/\/toyman.com.tr\/es\/wp-json\/wp\/v2\/comments?post=20952"}],"version-history":[{"count":2,"href":"https:\/\/toyman.com.tr\/es\/wp-json\/wp\/v2\/product\/20952\/revisions"}],"predecessor-version":[{"id":21509,"href":"https:\/\/toyman.com.tr\/es\/wp-json\/wp\/v2\/product\/20952\/revisions\/21509"}],"wp:featuredmedia":[{"embeddable":true,"href":"https:\/\/toyman.com.tr\/es\/wp-json\/wp\/v2\/media\/20929"}],"wp:attachment":[{"href":"https:\/\/toyman.com.tr\/es\/wp-json\/wp\/v2\/media?parent=20952"}],"wp:term":[{"taxonomy":"product_cat","embeddable":true,"href":"https:\/\/toyman.com.tr\/es\/wp-json\/wp\/v2\/product_cat?post=20952"},{"taxonomy":"product_tag","embeddable":true,"href":"https:\/\/toyman.com.tr\/es\/wp-json\/wp\/v2\/product_tag?post=20952"}],"curies":[{"name":"wp","href":"https:\/\/api.w.org\/{rel}","templated":true}]}}