{"id":21273,"date":"2025-09-19T12:01:20","date_gmt":"2025-09-19T12:01:20","guid":{"rendered":"https:\/\/toyman.com.tr\/?post_type=product&#038;p=21273"},"modified":"2025-09-25T14:22:41","modified_gmt":"2025-09-25T14:22:41","slug":"grupos-de-mando-general-manual-con-valvula-proporcional-manual-y-valvula-de-alivio-de-presion-ajustable-manualmente","status":"publish","type":"product","link":"https:\/\/toyman.com.tr\/es\/urun\/grupos-de-mando-general-manual-con-valvula-proporcional-manual-y-valvula-de-alivio-de-presion-ajustable-manualmente\/","title":{"rendered":"GRUPOS DE MANDO GENERAL MANUAL CON V\u00c1LVULA PROPORCIONAL MANUAL Y V\u00c1LVULA DE ALIVIO DE PRESI\u00d3N AJUSTABLE MANUALMENTE"},"content":{"rendered":"<table width=\"415\">\n<tbody>\n<tr>\n<td width=\"110\"><\/td>\n<td colspan=\"3\" width=\"183\">\u00a0<img decoding=\"async\" class=\"size-full wp-image-21226 aligncenter\" src=\"https:\/\/toyman.com.tr\/wp-content\/uploads\/2025\/09\/Y2.jpg\" alt=\"\" width=\"128\" height=\"94\" \/><\/td>\n<td colspan=\"2\" width=\"122\"><img decoding=\"async\" class=\"size-full wp-image-21223 aligncenter\" src=\"https:\/\/toyman.com.tr\/wp-content\/uploads\/2025\/09\/Y1.jpg\" alt=\"\" width=\"128\" height=\"94\" \/><\/td>\n<\/tr>\n<tr>\n<td width=\"110\">C\u00d3DIGO<\/td>\n<td width=\"61\">Bar<\/td>\n<td width=\"61\">lt\/min<\/td>\n<td width=\"61\">\u00d8<\/td>\n<td width=\"61\">Bar<\/td>\n<td width=\"61\">lt\/min<\/td>\n<\/tr>\n<tr>\n<td><strong>1030130600<\/strong><\/td>\n<td rowspan=\"3\">40<\/td>\n<td>60<\/td>\n<td>13<\/td>\n<td rowspan=\"3\">20<\/td>\n<td rowspan=\"3\">180<\/td>\n<\/tr>\n<tr>\n<td><strong>1030131000<\/strong><\/td>\n<td>100<\/td>\n<td>19<\/td>\n<\/tr>\n<tr>\n<td><strong>1030131500<\/strong><\/td>\n<td>150<\/td>\n<td>25<\/td>\n<\/tr>\n<\/tbody>\n<\/table>\n","protected":false},"excerpt":{"rendered":"<p>\u00a0 C\u00d3DIGO Bar lt\/min \u00d8 Bar lt\/min 1030130600 40 60 13 20 180 1030131000 100 19 1030131500 150 25<\/p>\n","protected":false},"featured_media":21172,"comment_status":"open","ping_status":"closed","template":"","meta":{"_acf_changed":false},"product_cat":[169,178],"product_tag":[],"class_list":{"0":"post-21273","1":"product","2":"type-product","3":"status-publish","4":"has-post-thumbnail","6":"product_cat-grupos-de-mando-de-baja-presio","7":"product_cat-grupos-de-mando-general","9":"first","10":"instock","11":"shipping-taxable","12":"product-type-simple"},"acf":[],"_links":{"self":[{"href":"https:\/\/toyman.com.tr\/es\/wp-json\/wp\/v2\/product\/21273","targetHints":{"allow":["GET"]}}],"collection":[{"href":"https:\/\/toyman.com.tr\/es\/wp-json\/wp\/v2\/product"}],"about":[{"href":"https:\/\/toyman.com.tr\/es\/wp-json\/wp\/v2\/types\/product"}],"replies":[{"embeddable":true,"href":"https:\/\/toyman.com.tr\/es\/wp-json\/wp\/v2\/comments?post=21273"}],"version-history":[{"count":2,"href":"https:\/\/toyman.com.tr\/es\/wp-json\/wp\/v2\/product\/21273\/revisions"}],"predecessor-version":[{"id":21283,"href":"https:\/\/toyman.com.tr\/es\/wp-json\/wp\/v2\/product\/21273\/revisions\/21283"}],"wp:featuredmedia":[{"embeddable":true,"href":"https:\/\/toyman.com.tr\/es\/wp-json\/wp\/v2\/media\/21172"}],"wp:attachment":[{"href":"https:\/\/toyman.com.tr\/es\/wp-json\/wp\/v2\/media?parent=21273"}],"wp:term":[{"taxonomy":"product_cat","embeddable":true,"href":"https:\/\/toyman.com.tr\/es\/wp-json\/wp\/v2\/product_cat?post=21273"},{"taxonomy":"product_tag","embeddable":true,"href":"https:\/\/toyman.com.tr\/es\/wp-json\/wp\/v2\/product_tag?post=21273"}],"curies":[{"name":"wp","href":"https:\/\/api.w.org\/{rel}","templated":true}]}}