{"id":21539,"date":"2025-09-19T12:02:25","date_gmt":"2025-09-19T12:02:25","guid":{"rendered":"https:\/\/toyman.com.tr\/?post_type=product&#038;p=21539"},"modified":"2025-09-26T07:00:16","modified_gmt":"2025-09-26T07:00:16","slug":"grupos-de-mando-general-manual-con-valvula-proporcional-manual-y-valvula-de-alivio-de-presion-ajustable-manualmente-kopya","status":"publish","type":"product","link":"https:\/\/toyman.com.tr\/es\/urun\/grupos-de-mando-general-manual-con-valvula-proporcional-manual-y-valvula-de-alivio-de-presion-ajustable-manualmente-kopya\/","title":{"rendered":"GRUPOS DE MANDO GENERAL EL\u00c9CTRICOS CON V\u00c1LVULA DE ALIVIO DE PRESI\u00d3N AJUSTABLE MANUALMENTE"},"content":{"rendered":"<p>&nbsp;<\/p>\n<table width=\"375\">\n<tbody>\n<tr>\n<td width=\"100\">C\u00d3DIGO<\/td>\n<td width=\"100\">Bar<\/td>\n<td width=\"100\">lt\/min<\/td>\n<td width=\"100\"><span style=\"color: #ffffff;\"><img decoding=\"async\" class=\"aligncenter wp-image-21588 size-full\" src=\"https:\/\/toyman.com.tr\/wp-content\/uploads\/2025\/09\/dc-logo-3-e1758869769617.png\" alt=\"\" width=\"16\" height=\"30\" \/><\/span><\/td>\n<td width=\"100\">Sec<\/td>\n<\/tr>\n<tr>\n<td><strong>1030121800<\/strong><\/td>\n<td>20<\/td>\n<td>180<\/td>\n<td width=\"75\">12V DC<\/td>\n<td width=\"75\">0.5 sec<\/td>\n<\/tr>\n<\/tbody>\n<\/table>\n<p>&nbsp;<\/p>\n","protected":false},"excerpt":{"rendered":"<p>&nbsp; C\u00d3DIGO Bar lt\/min Sec 1030121800 20 180 12V DC 0.5 sec &nbsp;<\/p>\n","protected":false},"featured_media":21175,"comment_status":"open","ping_status":"closed","template":"","meta":{"_acf_changed":false},"product_cat":[169,178],"product_tag":[],"class_list":{"0":"post-21539","1":"product","2":"type-product","3":"status-publish","4":"has-post-thumbnail","6":"product_cat-grupos-de-mando-de-baja-presio","7":"product_cat-grupos-de-mando-general","9":"first","10":"instock","11":"shipping-taxable","12":"product-type-simple"},"acf":[],"_links":{"self":[{"href":"https:\/\/toyman.com.tr\/es\/wp-json\/wp\/v2\/product\/21539","targetHints":{"allow":["GET"]}}],"collection":[{"href":"https:\/\/toyman.com.tr\/es\/wp-json\/wp\/v2\/product"}],"about":[{"href":"https:\/\/toyman.com.tr\/es\/wp-json\/wp\/v2\/types\/product"}],"replies":[{"embeddable":true,"href":"https:\/\/toyman.com.tr\/es\/wp-json\/wp\/v2\/comments?post=21539"}],"version-history":[{"count":2,"href":"https:\/\/toyman.com.tr\/es\/wp-json\/wp\/v2\/product\/21539\/revisions"}],"predecessor-version":[{"id":21598,"href":"https:\/\/toyman.com.tr\/es\/wp-json\/wp\/v2\/product\/21539\/revisions\/21598"}],"wp:featuredmedia":[{"embeddable":true,"href":"https:\/\/toyman.com.tr\/es\/wp-json\/wp\/v2\/media\/21175"}],"wp:attachment":[{"href":"https:\/\/toyman.com.tr\/es\/wp-json\/wp\/v2\/media?parent=21539"}],"wp:term":[{"taxonomy":"product_cat","embeddable":true,"href":"https:\/\/toyman.com.tr\/es\/wp-json\/wp\/v2\/product_cat?post=21539"},{"taxonomy":"product_tag","embeddable":true,"href":"https:\/\/toyman.com.tr\/es\/wp-json\/wp\/v2\/product_tag?post=21539"}],"curies":[{"name":"wp","href":"https:\/\/api.w.org\/{rel}","templated":true}]}}