{"id":21603,"date":"2025-09-26T08:08:08","date_gmt":"2025-09-26T08:08:08","guid":{"rendered":"https:\/\/toyman.com.tr\/?post_type=product&#038;p=21603"},"modified":"2025-09-26T08:30:19","modified_gmt":"2025-09-26T08:30:19","slug":"grupos-de-mando-general-electricos-con-valvula-de-alivio-de-presion-ajustable-manualmente-kopya","status":"publish","type":"product","link":"https:\/\/toyman.com.tr\/es\/urun\/grupos-de-mando-general-electricos-con-valvula-de-alivio-de-presion-ajustable-manualmente-kopya\/","title":{"rendered":"GRUPOS DE MANDO GENERAL EL\u00c9CTRICOS CON V\u00c1LVULA PROPORCIONAL MANUAL Y V\u00c1LVULA DE ALIVIO DE PRESI\u00d3N AJUSTABLE MANUALMENTE"},"content":{"rendered":"<table width=\"635\">\n<tbody>\n<tr>\n<td width=\"110\"><\/td>\n<td colspan=\"3\" width=\"225\"><img decoding=\"async\" class=\"alignnone size-full wp-image-21228\" src=\"https:\/\/toyman.com.tr\/wp-content\/uploads\/2025\/09\/Y2.jpg\" alt=\"\" width=\"128\" height=\"94\" \/><\/td>\n<td colspan=\"4\" width=\"300\"><img decoding=\"async\" class=\"size-full wp-image-21229 aligncenter\" src=\"https:\/\/toyman.com.tr\/wp-content\/uploads\/2025\/09\/Y3.jpg\" alt=\"\" width=\"128\" height=\"94\" \/><\/td>\n<\/tr>\n<tr>\n<td width=\"110\">C\u00d3DIGO<\/td>\n<td width=\"75\">Bar<\/td>\n<td width=\"75\">lt\/min<\/td>\n<td width=\"75\">\u00d8<\/td>\n<td width=\"75\">Bar<\/td>\n<td width=\"75\">lt\/min<\/td>\n<td><span style=\"color: #ffffff;\"><img decoding=\"async\" class=\"aligncenter wp-image-21588 size-full\" src=\"https:\/\/toyman.com.tr\/wp-content\/uploads\/2025\/09\/dc-logo-3-e1758869769617.png\" alt=\"\" width=\"16\" height=\"30\" \/><\/span><\/td>\n<td width=\"75\">Sec<\/td>\n<\/tr>\n<tr>\n<td><strong>1030140600<\/strong><\/td>\n<td rowspan=\"3\">40<\/td>\n<td>60<\/td>\n<td>13<\/td>\n<td rowspan=\"3\">20<\/td>\n<td rowspan=\"3\">180<\/td>\n<td rowspan=\"3\" width=\"75\">12V DC<\/td>\n<td rowspan=\"3\" width=\"75\">0.5<br \/>\nsec<\/td>\n<\/tr>\n<tr>\n<td><strong>1030141000<\/strong><\/td>\n<td>100<\/td>\n<td>19<\/td>\n<\/tr>\n<tr>\n<td><strong>1030141500<\/strong><\/td>\n<td>150<\/td>\n<td>25<\/td>\n<\/tr>\n<\/tbody>\n<\/table>\n<p>&nbsp;<\/p>\n","protected":false},"excerpt":{"rendered":"<p>C\u00d3DIGO Bar lt\/min \u00d8 Bar lt\/min Sec 1030140600 40 60 13 20 180 12V DC 0.5 sec 1030141000 100 19 1030141500 150 25 &nbsp;<\/p>\n","protected":false},"featured_media":21178,"comment_status":"open","ping_status":"closed","template":"","meta":{"_acf_changed":false},"product_cat":[169,178],"product_tag":[],"class_list":{"0":"post-21603","1":"product","2":"type-product","3":"status-publish","4":"has-post-thumbnail","6":"product_cat-grupos-de-mando-de-baja-presio","7":"product_cat-grupos-de-mando-general","9":"first","10":"instock","11":"shipping-taxable","12":"product-type-simple"},"acf":[],"_links":{"self":[{"href":"https:\/\/toyman.com.tr\/es\/wp-json\/wp\/v2\/product\/21603","targetHints":{"allow":["GET"]}}],"collection":[{"href":"https:\/\/toyman.com.tr\/es\/wp-json\/wp\/v2\/product"}],"about":[{"href":"https:\/\/toyman.com.tr\/es\/wp-json\/wp\/v2\/types\/product"}],"replies":[{"embeddable":true,"href":"https:\/\/toyman.com.tr\/es\/wp-json\/wp\/v2\/comments?post=21603"}],"version-history":[{"count":5,"href":"https:\/\/toyman.com.tr\/es\/wp-json\/wp\/v2\/product\/21603\/revisions"}],"predecessor-version":[{"id":21610,"href":"https:\/\/toyman.com.tr\/es\/wp-json\/wp\/v2\/product\/21603\/revisions\/21610"}],"wp:featuredmedia":[{"embeddable":true,"href":"https:\/\/toyman.com.tr\/es\/wp-json\/wp\/v2\/media\/21178"}],"wp:attachment":[{"href":"https:\/\/toyman.com.tr\/es\/wp-json\/wp\/v2\/media?parent=21603"}],"wp:term":[{"taxonomy":"product_cat","embeddable":true,"href":"https:\/\/toyman.com.tr\/es\/wp-json\/wp\/v2\/product_cat?post=21603"},{"taxonomy":"product_tag","embeddable":true,"href":"https:\/\/toyman.com.tr\/es\/wp-json\/wp\/v2\/product_tag?post=21603"}],"curies":[{"name":"wp","href":"https:\/\/api.w.org\/{rel}","templated":true}]}}