{"id":21621,"date":"2025-09-26T10:46:33","date_gmt":"2025-09-26T10:46:33","guid":{"rendered":"https:\/\/toyman.com.tr\/?post_type=product&#038;p=21621"},"modified":"2025-09-26T10:55:20","modified_gmt":"2025-09-26T10:55:20","slug":"grupos-de-mando-general-electricos-con-valvula-proporcional-manual-y-valvula-de-alivio-de-presion-ajustable-manualmente-kopya","status":"publish","type":"product","link":"https:\/\/toyman.com.tr\/es\/urun\/grupos-de-mando-general-electricos-con-valvula-proporcional-manual-y-valvula-de-alivio-de-presion-ajustable-manualmente-kopya\/","title":{"rendered":"GRUPOS DE MANDO GENERAL EL\u00c9CTRICOS CON V\u00c1LVULA PROPORCIONAL MANUAL Y V\u00c1LVULA DE ALIVIO DE PRESI\u00d3N AJUSTABLE MANUALMENTE"},"content":{"rendered":"<table width=\"778\">\n<tbody>\n<tr>\n<td width=\"103\"><\/td>\n<td colspan=\"5\" width=\"375\"><img fetchpriority=\"high\" decoding=\"async\" class=\"alignnone wp-image-21188\" src=\"https:\/\/toyman.com.tr\/wp-content\/uploads\/2025\/09\/Oransal2-300x300.jpg\" alt=\"\" width=\"336\" height=\"336\" srcset=\"https:\/\/toyman.com.tr\/wp-content\/uploads\/2025\/09\/Oransal2-300x300.jpg 300w, https:\/\/toyman.com.tr\/wp-content\/uploads\/2025\/09\/Oransal2-150x150.jpg 150w, https:\/\/toyman.com.tr\/wp-content\/uploads\/2025\/09\/Oransal2-768x768.jpg 768w, https:\/\/toyman.com.tr\/wp-content\/uploads\/2025\/09\/Oransal2-720x720.jpg 720w, https:\/\/toyman.com.tr\/wp-content\/uploads\/2025\/09\/Oransal2-600x600.jpg 600w, https:\/\/toyman.com.tr\/wp-content\/uploads\/2025\/09\/Oransal2-100x100.jpg 100w, https:\/\/toyman.com.tr\/wp-content\/uploads\/2025\/09\/Oransal2.jpg 800w\" sizes=\"(max-width: 336px) 100vw, 336px\" \/><\/td>\n<td colspan=\"4\" width=\"300\"><img decoding=\"async\" class=\"alignnone size-full wp-image-21229\" src=\"https:\/\/toyman.com.tr\/wp-content\/uploads\/2025\/09\/Y3.jpg\" alt=\"\" width=\"128\" height=\"94\" \/><\/td>\n<\/tr>\n<tr>\n<td width=\"103\">C\u00d3DIGO<\/td>\n<td width=\"75\">Bar<\/td>\n<td width=\"75\"><span style=\"color: #ffffff;\"><img decoding=\"async\" class=\"aligncenter wp-image-21588 size-full\" src=\"https:\/\/toyman.com.tr\/wp-content\/uploads\/2025\/09\/dc-logo-3-e1758869769617.png\" alt=\"\" width=\"16\" height=\"30\" \/><\/span><\/td>\n<td width=\"75\">Sec<\/td>\n<td width=\"75\">lt\/min<\/td>\n<td width=\"75\">\u00d8<\/td>\n<td width=\"75\">Bar<\/td>\n<td width=\"75\">lt\/min<\/td>\n<td width=\"75\"><span style=\"color: #ffffff;\"><img decoding=\"async\" class=\"aligncenter wp-image-21588 size-full\" src=\"https:\/\/toyman.com.tr\/wp-content\/uploads\/2025\/09\/dc-logo-3-e1758869769617.png\" alt=\"\" width=\"16\" height=\"30\" \/><\/span><\/td>\n<td width=\"75\">Sec<\/td>\n<\/tr>\n<tr>\n<td><strong>1030150600<\/strong><\/td>\n<td rowspan=\"3\">40<\/td>\n<td rowspan=\"3\" width=\"75\">12V DC<\/td>\n<td rowspan=\"3\" width=\"75\">14<br \/>\nsec<\/td>\n<td>60<\/td>\n<td>13<\/td>\n<td rowspan=\"3\">20<\/td>\n<td rowspan=\"3\">180<\/td>\n<td rowspan=\"3\" width=\"75\">12V DC<\/td>\n<td rowspan=\"3\" width=\"75\">0.5<br \/>\nsec<\/td>\n<\/tr>\n<tr>\n<td><strong>1030151000<\/strong><\/td>\n<td>100<\/td>\n<td>19<\/td>\n<\/tr>\n<tr>\n<td><strong>1030151500<\/strong><\/td>\n<td>150<\/td>\n<td>25<\/td>\n<\/tr>\n<\/tbody>\n<\/table>\n<p>&nbsp;<\/p>\n","protected":false},"excerpt":{"rendered":"<p>C\u00d3DIGO Bar Sec lt\/min \u00d8 Bar lt\/min Sec 1030150600 40 12V DC 14 sec 60 13 20 180 12V DC 0.5 sec 1030151000 100 19 1030151500 150 25 &nbsp;<\/p>\n","protected":false},"featured_media":21181,"comment_status":"open","ping_status":"closed","template":"","meta":{"_acf_changed":false},"product_cat":[169,178],"product_tag":[],"class_list":{"0":"post-21621","1":"product","2":"type-product","3":"status-publish","4":"has-post-thumbnail","6":"product_cat-grupos-de-mando-de-baja-presio","7":"product_cat-grupos-de-mando-general","9":"first","10":"instock","11":"shipping-taxable","12":"product-type-simple"},"acf":[],"_links":{"self":[{"href":"https:\/\/toyman.com.tr\/es\/wp-json\/wp\/v2\/product\/21621","targetHints":{"allow":["GET"]}}],"collection":[{"href":"https:\/\/toyman.com.tr\/es\/wp-json\/wp\/v2\/product"}],"about":[{"href":"https:\/\/toyman.com.tr\/es\/wp-json\/wp\/v2\/types\/product"}],"replies":[{"embeddable":true,"href":"https:\/\/toyman.com.tr\/es\/wp-json\/wp\/v2\/comments?post=21621"}],"version-history":[{"count":3,"href":"https:\/\/toyman.com.tr\/es\/wp-json\/wp\/v2\/product\/21621\/revisions"}],"predecessor-version":[{"id":21632,"href":"https:\/\/toyman.com.tr\/es\/wp-json\/wp\/v2\/product\/21621\/revisions\/21632"}],"wp:featuredmedia":[{"embeddable":true,"href":"https:\/\/toyman.com.tr\/es\/wp-json\/wp\/v2\/media\/21181"}],"wp:attachment":[{"href":"https:\/\/toyman.com.tr\/es\/wp-json\/wp\/v2\/media?parent=21621"}],"wp:term":[{"taxonomy":"product_cat","embeddable":true,"href":"https:\/\/toyman.com.tr\/es\/wp-json\/wp\/v2\/product_cat?post=21621"},{"taxonomy":"product_tag","embeddable":true,"href":"https:\/\/toyman.com.tr\/es\/wp-json\/wp\/v2\/product_tag?post=21621"}],"curies":[{"name":"wp","href":"https:\/\/api.w.org\/{rel}","templated":true}]}}