{"id":21794,"date":"2025-09-29T06:18:04","date_gmt":"2025-09-29T06:18:04","guid":{"rendered":"https:\/\/toyman.com.tr\/?post_type=product&#038;p=21794"},"modified":"2025-09-29T06:21:23","modified_gmt":"2025-09-29T06:21:23","slug":"valvulas-de-seccion-manuales-kopya","status":"publish","type":"product","link":"https:\/\/toyman.com.tr\/es\/urun\/valvulas-de-seccion-manuales-kopya\/","title":{"rendered":"V\u00c1LVULAS DE SECCI\u00d3N MANUALES CON CALIBRACI\u00d3N POR BY-PASS"},"content":{"rendered":"<table width=\"335\">\n<tbody>\n<tr>\n<td width=\"110\">C\u00d3DIGO<\/td>\n<td width=\"75\">Valvulas<\/td>\n<td width=\"75\">Bar<\/td>\n<td width=\"75\"><span style=\"color: #ffffff;\"><img decoding=\"async\" class=\"aligncenter wp-image-21588 size-full\" src=\"https:\/\/toyman.com.tr\/wp-content\/uploads\/2025\/09\/dc-logo-3-e1758869769617.png\" alt=\"\" width=\"16\" height=\"30\" \/><\/span><\/td>\n<\/tr>\n<tr>\n<td><strong>1030222002<\/strong><\/td>\n<td>2<\/td>\n<td rowspan=\"6\">20<\/td>\n<td rowspan=\"6\" width=\"75\">12V DC<\/td>\n<\/tr>\n<tr>\n<td><strong>1030222003<\/strong><\/td>\n<td>3<\/td>\n<\/tr>\n<tr>\n<td><strong>1030222004<\/strong><\/td>\n<td>4<\/td>\n<\/tr>\n<tr>\n<td><strong>1030222005<\/strong><\/td>\n<td>5<\/td>\n<\/tr>\n<tr>\n<td><strong>1030222006<\/strong><\/td>\n<td>6<\/td>\n<\/tr>\n<tr>\n<td><strong>1030222007<\/strong><\/td>\n<td>7<\/td>\n<\/tr>\n<\/tbody>\n<\/table>\n<p>&nbsp;<\/p>\n","protected":false},"excerpt":{"rendered":"<p>C\u00d3DIGO Valvulas Bar 1030222002 2 20 12V DC 1030222003 3 1030222004 4 1030222005 5 1030222006 6 1030222007 7 &nbsp;<\/p>\n","protected":false},"featured_media":21699,"comment_status":"open","ping_status":"closed","template":"","meta":{"_acf_changed":false},"product_cat":[169,185],"product_tag":[],"class_list":{"0":"post-21794","1":"product","2":"type-product","3":"status-publish","4":"has-post-thumbnail","6":"product_cat-grupos-de-mando-de-baja-presio","7":"product_cat-grupos-de-valvulas","9":"first","10":"instock","11":"shipping-taxable","12":"product-type-simple"},"acf":[],"_links":{"self":[{"href":"https:\/\/toyman.com.tr\/es\/wp-json\/wp\/v2\/product\/21794","targetHints":{"allow":["GET"]}}],"collection":[{"href":"https:\/\/toyman.com.tr\/es\/wp-json\/wp\/v2\/product"}],"about":[{"href":"https:\/\/toyman.com.tr\/es\/wp-json\/wp\/v2\/types\/product"}],"replies":[{"embeddable":true,"href":"https:\/\/toyman.com.tr\/es\/wp-json\/wp\/v2\/comments?post=21794"}],"version-history":[{"count":2,"href":"https:\/\/toyman.com.tr\/es\/wp-json\/wp\/v2\/product\/21794\/revisions"}],"predecessor-version":[{"id":21801,"href":"https:\/\/toyman.com.tr\/es\/wp-json\/wp\/v2\/product\/21794\/revisions\/21801"}],"wp:featuredmedia":[{"embeddable":true,"href":"https:\/\/toyman.com.tr\/es\/wp-json\/wp\/v2\/media\/21699"}],"wp:attachment":[{"href":"https:\/\/toyman.com.tr\/es\/wp-json\/wp\/v2\/media?parent=21794"}],"wp:term":[{"taxonomy":"product_cat","embeddable":true,"href":"https:\/\/toyman.com.tr\/es\/wp-json\/wp\/v2\/product_cat?post=21794"},{"taxonomy":"product_tag","embeddable":true,"href":"https:\/\/toyman.com.tr\/es\/wp-json\/wp\/v2\/product_tag?post=21794"}],"curies":[{"name":"wp","href":"https:\/\/api.w.org\/{rel}","templated":true}]}}