{"id":21825,"date":"2025-09-29T07:31:17","date_gmt":"2025-09-29T07:31:17","guid":{"rendered":"https:\/\/toyman.com.tr\/?post_type=product&#038;p=21825"},"modified":"2025-09-29T07:44:29","modified_gmt":"2025-09-29T07:44:29","slug":"valvula-de-seccion-electricas-on-off-kopya","status":"publish","type":"product","link":"https:\/\/toyman.com.tr\/es\/urun\/valvula-de-seccion-electricas-on-off-kopya\/","title":{"rendered":"V\u00c1LVULA DE SECCI\u00d3N EL\u00c9CTRICAS ON\/OFF"},"content":{"rendered":"<table width=\"440\">\n<tbody>\n<tr>\n<td width=\"110\">C\u00d3DIGO<\/td>\n<td width=\"110\">lt\/min<\/td>\n<td width=\"110\">Bar<\/td>\n<td width=\"110\"><span style=\"color: #ffffff;\"><img decoding=\"async\" class=\"aligncenter wp-image-21588 size-full\" src=\"https:\/\/toyman.com.tr\/wp-content\/uploads\/2025\/09\/dc-logo-3-e1758869769617.png\" alt=\"\" width=\"16\" height=\"30\" \/><\/span><\/td>\n<\/tr>\n<tr>\n<td width=\"110\"><strong>10210015M<\/strong><\/td>\n<td width=\"110\">15\u00f745<\/td>\n<td>20<\/td>\n<td width=\"110\">12V DC<\/td>\n<\/tr>\n<\/tbody>\n<\/table>\n","protected":false},"excerpt":{"rendered":"<ul>\n<li>3 Vias<\/li>\n<li>El caudal depende de diferentes di\u00e1metros de conexi\u00f3n a 0,5 bares<\/li>\n<\/ul>\n","protected":false},"featured_media":21836,"comment_status":"open","ping_status":"closed","template":"","meta":{"_acf_changed":false},"product_cat":[169,185],"product_tag":[],"class_list":{"0":"post-21825","1":"product","2":"type-product","3":"status-publish","4":"has-post-thumbnail","6":"product_cat-grupos-de-mando-de-baja-presio","7":"product_cat-grupos-de-valvulas","9":"first","10":"instock","11":"shipping-taxable","12":"product-type-simple"},"acf":[],"_links":{"self":[{"href":"https:\/\/toyman.com.tr\/es\/wp-json\/wp\/v2\/product\/21825","targetHints":{"allow":["GET"]}}],"collection":[{"href":"https:\/\/toyman.com.tr\/es\/wp-json\/wp\/v2\/product"}],"about":[{"href":"https:\/\/toyman.com.tr\/es\/wp-json\/wp\/v2\/types\/product"}],"replies":[{"embeddable":true,"href":"https:\/\/toyman.com.tr\/es\/wp-json\/wp\/v2\/comments?post=21825"}],"version-history":[{"count":3,"href":"https:\/\/toyman.com.tr\/es\/wp-json\/wp\/v2\/product\/21825\/revisions"}],"predecessor-version":[{"id":21832,"href":"https:\/\/toyman.com.tr\/es\/wp-json\/wp\/v2\/product\/21825\/revisions\/21832"}],"wp:featuredmedia":[{"embeddable":true,"href":"https:\/\/toyman.com.tr\/es\/wp-json\/wp\/v2\/media\/21836"}],"wp:attachment":[{"href":"https:\/\/toyman.com.tr\/es\/wp-json\/wp\/v2\/media?parent=21825"}],"wp:term":[{"taxonomy":"product_cat","embeddable":true,"href":"https:\/\/toyman.com.tr\/es\/wp-json\/wp\/v2\/product_cat?post=21825"},{"taxonomy":"product_tag","embeddable":true,"href":"https:\/\/toyman.com.tr\/es\/wp-json\/wp\/v2\/product_tag?post=21825"}],"curies":[{"name":"wp","href":"https:\/\/api.w.org\/{rel}","templated":true}]}}