{"id":21874,"date":"2025-09-29T08:19:02","date_gmt":"2025-09-29T08:19:02","guid":{"rendered":"https:\/\/toyman.com.tr\/?post_type=product&#038;p=21874"},"modified":"2025-12-03T10:49:03","modified_gmt":"2025-12-03T10:49:03","slug":"valvula-de-seccion-electricas-on-off-kopya-4","status":"publish","type":"product","link":"https:\/\/toyman.com.tr\/es\/urun\/valvula-de-seccion-electricas-on-off-kopya-4\/","title":{"rendered":"V\u00c1LVULA DE SECCI\u00d3N EL\u00c9CTRICAS ON\/OFF"},"content":{"rendered":"<table width=\"440\">\n<tbody>\n<tr>\n<td width=\"110\">C\u00d3DIGO<\/td>\n<td width=\"110\">lt\/min<\/td>\n<td width=\"110\">Bar<\/td>\n<td width=\"110\"><span style=\"color: #ffffff;\"><img decoding=\"async\" class=\"aligncenter wp-image-21588 size-full\" src=\"https:\/\/toyman.com.tr\/wp-content\/uploads\/2025\/09\/dc-logo-3-e1758869769617.png\" alt=\"\" width=\"16\" height=\"30\" \/><\/span><\/td>\n<\/tr>\n<tr>\n<td width=\"110\"><strong>10210016M<\/strong><\/td>\n<td width=\"110\">15\u00f745<\/td>\n<td>40<\/td>\n<td width=\"110\">12V DC<\/td>\n<\/tr>\n<\/tbody>\n<\/table>\n","protected":false},"excerpt":{"rendered":"<ul>\n<li>3 Vias<\/li>\n<\/ul>\n","protected":false},"featured_media":21718,"comment_status":"open","ping_status":"closed","template":"","meta":{"_acf_changed":false},"product_cat":[169,185],"product_tag":[],"class_list":{"0":"post-21874","1":"product","2":"type-product","3":"status-publish","4":"has-post-thumbnail","6":"product_cat-grupos-de-mando-de-baja-presio","7":"product_cat-grupos-de-valvulas","9":"first","10":"instock","11":"shipping-taxable","12":"product-type-simple"},"acf":[],"_links":{"self":[{"href":"https:\/\/toyman.com.tr\/es\/wp-json\/wp\/v2\/product\/21874","targetHints":{"allow":["GET"]}}],"collection":[{"href":"https:\/\/toyman.com.tr\/es\/wp-json\/wp\/v2\/product"}],"about":[{"href":"https:\/\/toyman.com.tr\/es\/wp-json\/wp\/v2\/types\/product"}],"replies":[{"embeddable":true,"href":"https:\/\/toyman.com.tr\/es\/wp-json\/wp\/v2\/comments?post=21874"}],"version-history":[{"count":4,"href":"https:\/\/toyman.com.tr\/es\/wp-json\/wp\/v2\/product\/21874\/revisions"}],"predecessor-version":[{"id":25178,"href":"https:\/\/toyman.com.tr\/es\/wp-json\/wp\/v2\/product\/21874\/revisions\/25178"}],"wp:featuredmedia":[{"embeddable":true,"href":"https:\/\/toyman.com.tr\/es\/wp-json\/wp\/v2\/media\/21718"}],"wp:attachment":[{"href":"https:\/\/toyman.com.tr\/es\/wp-json\/wp\/v2\/media?parent=21874"}],"wp:term":[{"taxonomy":"product_cat","embeddable":true,"href":"https:\/\/toyman.com.tr\/es\/wp-json\/wp\/v2\/product_cat?post=21874"},{"taxonomy":"product_tag","embeddable":true,"href":"https:\/\/toyman.com.tr\/es\/wp-json\/wp\/v2\/product_tag?post=21874"}],"curies":[{"name":"wp","href":"https:\/\/api.w.org\/{rel}","templated":true}]}}