{"id":22082,"date":"2025-09-30T07:54:58","date_gmt":"2025-09-30T07:54:58","guid":{"rendered":"https:\/\/toyman.com.tr\/?post_type=product&#038;p=22082"},"modified":"2025-09-30T08:15:15","modified_gmt":"2025-09-30T08:15:15","slug":"ybk-40-ep-kopya","status":"publish","type":"product","link":"https:\/\/toyman.com.tr\/es\/urun\/ybk-40-ep-kopya\/","title":{"rendered":"YBK 40 EPF"},"content":{"rendered":"<table width=\"335\">\n<tbody>\n<tr>\n<td width=\"110\">C\u00d3DIGO<\/td>\n<td width=\"75\">Vias<\/td>\n<td width=\"75\">lt\/min<\/td>\n<td width=\"75\">Bar<\/td>\n<\/tr>\n<tr>\n<td><strong>1035151522<\/strong><\/td>\n<td width=\"75\">2<\/td>\n<td rowspan=\"3\" width=\"75\">150<\/td>\n<td rowspan=\"3\" width=\"75\">40<\/td>\n<\/tr>\n<tr>\n<td width=\"110\"><strong>1035151524<\/strong><\/td>\n<td width=\"75\">4<\/td>\n<\/tr>\n<tr>\n<td width=\"110\"><strong>1035151525<\/strong><\/td>\n<td width=\"75\">5<\/td>\n<\/tr>\n<\/tbody>\n<\/table>\n<p>&nbsp;<\/p>\n","protected":false},"excerpt":{"rendered":"<p>\u2022 V\u00e1lvula proporcional ajustada a mano<br \/>\n\u2022 Evacuaci\u00f3n con v\u00e1lvula el\u00e9ctrica abrir\/cerrar<br \/>\n\u2022 Regulador de presi\u00f3n ajustable<br \/>\n\u2022 V\u00e1lvulas de l\u00ednea con calibraci\u00f3n de retorno<br \/>\ny controlado con electricidad<br \/>\n\u2022 Filtro de l\u00ednea de alta presi\u00f3n<\/p>\n","protected":false},"featured_media":22053,"comment_status":"open","ping_status":"closed","template":"","meta":{"_acf_changed":false},"product_cat":[193,192],"product_tag":[],"class_list":{"0":"post-22082","1":"product","2":"type-product","3":"status-publish","4":"has-post-thumbnail","6":"product_cat-grupos-valvulas-de-alta-presion","7":"product_cat-unidad-de-control-electrico-para-maquinas-de-pulverizacion-de-jardin","9":"first","10":"instock","11":"shipping-taxable","12":"product-type-simple"},"acf":[],"_links":{"self":[{"href":"https:\/\/toyman.com.tr\/es\/wp-json\/wp\/v2\/product\/22082","targetHints":{"allow":["GET"]}}],"collection":[{"href":"https:\/\/toyman.com.tr\/es\/wp-json\/wp\/v2\/product"}],"about":[{"href":"https:\/\/toyman.com.tr\/es\/wp-json\/wp\/v2\/types\/product"}],"replies":[{"embeddable":true,"href":"https:\/\/toyman.com.tr\/es\/wp-json\/wp\/v2\/comments?post=22082"}],"version-history":[{"count":4,"href":"https:\/\/toyman.com.tr\/es\/wp-json\/wp\/v2\/product\/22082\/revisions"}],"predecessor-version":[{"id":22091,"href":"https:\/\/toyman.com.tr\/es\/wp-json\/wp\/v2\/product\/22082\/revisions\/22091"}],"wp:featuredmedia":[{"embeddable":true,"href":"https:\/\/toyman.com.tr\/es\/wp-json\/wp\/v2\/media\/22053"}],"wp:attachment":[{"href":"https:\/\/toyman.com.tr\/es\/wp-json\/wp\/v2\/media?parent=22082"}],"wp:term":[{"taxonomy":"product_cat","embeddable":true,"href":"https:\/\/toyman.com.tr\/es\/wp-json\/wp\/v2\/product_cat?post=22082"},{"taxonomy":"product_tag","embeddable":true,"href":"https:\/\/toyman.com.tr\/es\/wp-json\/wp\/v2\/product_tag?post=22082"}],"curies":[{"name":"wp","href":"https:\/\/api.w.org\/{rel}","templated":true}]}}