{"id":22094,"date":"2025-09-30T08:16:00","date_gmt":"2025-09-30T08:16:00","guid":{"rendered":"https:\/\/toyman.com.tr\/?post_type=product&#038;p=22094"},"modified":"2025-09-30T08:20:44","modified_gmt":"2025-09-30T08:20:44","slug":"ybk-40-epf-kopya","status":"publish","type":"product","link":"https:\/\/toyman.com.tr\/es\/urun\/ybk-40-epf-kopya\/","title":{"rendered":"YBK 40 F"},"content":{"rendered":"<table width=\"335\">\n<tbody>\n<tr>\n<td width=\"110\">C\u00d3DIGO<\/td>\n<td width=\"75\">Vias<\/td>\n<td width=\"75\">lt\/min<\/td>\n<td width=\"75\">Bar<\/td>\n<\/tr>\n<tr>\n<td><strong>1035161522<\/strong><\/td>\n<td>2<\/td>\n<td>150<\/td>\n<td>40<\/td>\n<\/tr>\n<\/tbody>\n<\/table>\n","protected":false},"excerpt":{"rendered":"<p>\u2022 Evacuaci\u00f3n con v\u00e1lvula el\u00e9ctrica abrir\/cerrar<br \/>\n\u2022 Regulador de presi\u00f3n ajustable<br \/>\n\u2022 V\u00e1lvulas de l\u00ednea con calibraci\u00f3n de retorno<br \/>\ny controlado con electricidad<br \/>\n\u2022 Filtro de l\u00ednea de alta presi\u00f3n<\/p>\n","protected":false},"featured_media":22056,"comment_status":"open","ping_status":"closed","template":"","meta":{"_acf_changed":false},"product_cat":[193,192],"product_tag":[],"class_list":{"0":"post-22094","1":"product","2":"type-product","3":"status-publish","4":"has-post-thumbnail","6":"product_cat-grupos-valvulas-de-alta-presion","7":"product_cat-unidad-de-control-electrico-para-maquinas-de-pulverizacion-de-jardin","9":"first","10":"instock","11":"shipping-taxable","12":"product-type-simple"},"acf":[],"_links":{"self":[{"href":"https:\/\/toyman.com.tr\/es\/wp-json\/wp\/v2\/product\/22094","targetHints":{"allow":["GET"]}}],"collection":[{"href":"https:\/\/toyman.com.tr\/es\/wp-json\/wp\/v2\/product"}],"about":[{"href":"https:\/\/toyman.com.tr\/es\/wp-json\/wp\/v2\/types\/product"}],"replies":[{"embeddable":true,"href":"https:\/\/toyman.com.tr\/es\/wp-json\/wp\/v2\/comments?post=22094"}],"version-history":[{"count":3,"href":"https:\/\/toyman.com.tr\/es\/wp-json\/wp\/v2\/product\/22094\/revisions"}],"predecessor-version":[{"id":22101,"href":"https:\/\/toyman.com.tr\/es\/wp-json\/wp\/v2\/product\/22094\/revisions\/22101"}],"wp:featuredmedia":[{"embeddable":true,"href":"https:\/\/toyman.com.tr\/es\/wp-json\/wp\/v2\/media\/22056"}],"wp:attachment":[{"href":"https:\/\/toyman.com.tr\/es\/wp-json\/wp\/v2\/media?parent=22094"}],"wp:term":[{"taxonomy":"product_cat","embeddable":true,"href":"https:\/\/toyman.com.tr\/es\/wp-json\/wp\/v2\/product_cat?post=22094"},{"taxonomy":"product_tag","embeddable":true,"href":"https:\/\/toyman.com.tr\/es\/wp-json\/wp\/v2\/product_tag?post=22094"}],"curies":[{"name":"wp","href":"https:\/\/api.w.org\/{rel}","templated":true}]}}