{"id":22160,"date":"2025-09-30T13:04:58","date_gmt":"2025-09-30T13:04:58","guid":{"rendered":"https:\/\/toyman.com.tr\/?post_type=product&#038;p=22160"},"modified":"2025-09-30T13:27:18","modified_gmt":"2025-09-30T13:27:18","slug":"filtro-de-plastico-en-linea-para-alta-presion-kopya","status":"publish","type":"product","link":"https:\/\/toyman.com.tr\/es\/urun\/filtro-de-plastico-en-linea-para-alta-presion-kopya\/","title":{"rendered":"FILTRO DE PRESI\u00d3N DE PL\u00c1STICO  CON CONEXI\u00d3N DE BRIDA-50 BARRA"},"content":{"rendered":"<table width=\"440\">\n<tbody>\n<tr>\n<td width=\"110\">C\u00d3DIGO<\/td>\n<td width=\"110\">Bar<\/td>\n<td width=\"110\">Mesh<\/td>\n<td width=\"110\">Cartucho<\/td>\n<\/tr>\n<tr>\n<td><strong>060527003<\/strong><\/td>\n<td rowspan=\"3\">50<\/td>\n<td>30 Mesh<\/td>\n<td rowspan=\"3\">INOX<\/td>\n<\/tr>\n<tr>\n<td><strong>060527005<\/strong><\/td>\n<td>50 Mesh<\/td>\n<\/tr>\n<tr>\n<td><strong>060527008<\/strong><\/td>\n<td>80 Mesh<\/td>\n<\/tr>\n<\/tbody>\n<\/table>\n","protected":false},"excerpt":{"rendered":"<p>\u2022 Filtros en l\u00ednea para alta presi\u00f3n para<br \/>\natomizadores<br \/>\n\u2022 Presi\u00f3n max: 50 bar<\/p>\n","protected":false},"featured_media":22144,"comment_status":"open","ping_status":"closed","template":"","meta":{"_acf_changed":false},"product_cat":[193,192],"product_tag":[],"class_list":{"0":"post-22160","1":"product","2":"type-product","3":"status-publish","4":"has-post-thumbnail","6":"product_cat-grupos-valvulas-de-alta-presion","7":"product_cat-unidad-de-control-electrico-para-maquinas-de-pulverizacion-de-jardin","9":"first","10":"instock","11":"shipping-taxable","12":"product-type-simple"},"acf":[],"_links":{"self":[{"href":"https:\/\/toyman.com.tr\/es\/wp-json\/wp\/v2\/product\/22160","targetHints":{"allow":["GET"]}}],"collection":[{"href":"https:\/\/toyman.com.tr\/es\/wp-json\/wp\/v2\/product"}],"about":[{"href":"https:\/\/toyman.com.tr\/es\/wp-json\/wp\/v2\/types\/product"}],"replies":[{"embeddable":true,"href":"https:\/\/toyman.com.tr\/es\/wp-json\/wp\/v2\/comments?post=22160"}],"version-history":[{"count":4,"href":"https:\/\/toyman.com.tr\/es\/wp-json\/wp\/v2\/product\/22160\/revisions"}],"predecessor-version":[{"id":22174,"href":"https:\/\/toyman.com.tr\/es\/wp-json\/wp\/v2\/product\/22160\/revisions\/22174"}],"wp:featuredmedia":[{"embeddable":true,"href":"https:\/\/toyman.com.tr\/es\/wp-json\/wp\/v2\/media\/22144"}],"wp:attachment":[{"href":"https:\/\/toyman.com.tr\/es\/wp-json\/wp\/v2\/media?parent=22160"}],"wp:term":[{"taxonomy":"product_cat","embeddable":true,"href":"https:\/\/toyman.com.tr\/es\/wp-json\/wp\/v2\/product_cat?post=22160"},{"taxonomy":"product_tag","embeddable":true,"href":"https:\/\/toyman.com.tr\/es\/wp-json\/wp\/v2\/product_tag?post=22160"}],"curies":[{"name":"wp","href":"https:\/\/api.w.org\/{rel}","templated":true}]}}