{"id":22369,"date":"2025-10-01T09:16:04","date_gmt":"2025-10-01T09:16:04","guid":{"rendered":"https:\/\/toyman.com.tr\/?post_type=product&#038;p=22369"},"modified":"2025-10-01T10:12:44","modified_gmt":"2025-10-01T10:12:44","slug":"regulador-manual-de-laton-kopya","status":"publish","type":"product","link":"https:\/\/toyman.com.tr\/es\/urun\/regulador-manual-de-laton-kopya\/","title":{"rendered":"MAN\u00d3METRO (Caja De Inox Montaje Posterior Central)"},"content":{"rendered":"<table width=\"445\">\n<tbody>\n<tr>\n<td width=\"110\">C\u00d3DIGO<\/td>\n<td width=\"110\">Rango de Escala (Bar)<\/td>\n<td width=\"75\">Clase<\/td>\n<td width=\"75\">Dimensi\u00f3n (mm)<\/td>\n<td width=\"75\">Tama\u00f1o de Conexi\u00f3n<\/td>\n<\/tr>\n<tr>\n<td><strong>10076325100<\/strong><\/td>\n<td width=\"110\">0\u00f7100<\/td>\n<td width=\"75\">Cl. 2.5<\/td>\n<td width=\"75\">63<\/td>\n<td width=\"75\">G \u00bc\u00bb<\/td>\n<\/tr>\n<\/tbody>\n<\/table>\n<p>&nbsp;<\/p>\n<p>&nbsp;<\/p>\n","protected":false},"excerpt":{"rendered":"<p>C\u00d3DIGO Rango de Escala (Bar) Clase Dimensi\u00f3n (mm) Tama\u00f1o de Conexi\u00f3n 10076325100 0\u00f7100 Cl. 2.5 63 G \u00bc\u00bb &nbsp; &nbsp;<\/p>\n","protected":false},"featured_media":24738,"comment_status":"open","ping_status":"closed","template":"","meta":{"_acf_changed":false},"product_cat":[193,195],"product_tag":[],"class_list":{"0":"post-22369","1":"product","2":"type-product","3":"status-publish","4":"has-post-thumbnail","6":"product_cat-grupos-valvulas-de-alta-presion","7":"product_cat-solenoid-kumanda-uniteleri-es","9":"first","10":"instock","11":"shipping-taxable","12":"product-type-simple"},"acf":[],"_links":{"self":[{"href":"https:\/\/toyman.com.tr\/es\/wp-json\/wp\/v2\/product\/22369","targetHints":{"allow":["GET"]}}],"collection":[{"href":"https:\/\/toyman.com.tr\/es\/wp-json\/wp\/v2\/product"}],"about":[{"href":"https:\/\/toyman.com.tr\/es\/wp-json\/wp\/v2\/types\/product"}],"replies":[{"embeddable":true,"href":"https:\/\/toyman.com.tr\/es\/wp-json\/wp\/v2\/comments?post=22369"}],"version-history":[{"count":5,"href":"https:\/\/toyman.com.tr\/es\/wp-json\/wp\/v2\/product\/22369\/revisions"}],"predecessor-version":[{"id":22379,"href":"https:\/\/toyman.com.tr\/es\/wp-json\/wp\/v2\/product\/22369\/revisions\/22379"}],"wp:featuredmedia":[{"embeddable":true,"href":"https:\/\/toyman.com.tr\/es\/wp-json\/wp\/v2\/media\/24738"}],"wp:attachment":[{"href":"https:\/\/toyman.com.tr\/es\/wp-json\/wp\/v2\/media?parent=22369"}],"wp:term":[{"taxonomy":"product_cat","embeddable":true,"href":"https:\/\/toyman.com.tr\/es\/wp-json\/wp\/v2\/product_cat?post=22369"},{"taxonomy":"product_tag","embeddable":true,"href":"https:\/\/toyman.com.tr\/es\/wp-json\/wp\/v2\/product_tag?post=22369"}],"curies":[{"name":"wp","href":"https:\/\/api.w.org\/{rel}","templated":true}]}}