{"id":22407,"date":"2025-10-01T10:37:02","date_gmt":"2025-10-01T10:37:02","guid":{"rendered":"https:\/\/toyman.com.tr\/?post_type=product&#038;p=22407"},"modified":"2026-03-04T07:03:07","modified_gmt":"2026-03-04T07:03:07","slug":"caudalimetro-de-turbina-de-control-rapido-20-bar-kopya","status":"publish","type":"product","link":"https:\/\/toyman.com.tr\/es\/urun\/caudalimetro-de-turbina-de-control-rapido-20-bar-kopya\/","title":{"rendered":"CAUDAL\u00cdMETRO DE TURBINA DE CONTROL R\u00c1PIDO-50 BAR (Caudal:10-100 lt\/min.)"},"content":{"rendered":"<table width=\"495\">\n<tbody>\n<tr>\n<td width=\"125\">C\u00d3DIGO<\/td>\n<td width=\"250\">Especificaciones<\/td>\n<td width=\"250\">Conexi\u00f3n<\/td>\n<\/tr>\n<tr>\n<td width=\"125\"><strong>POL00375908<\/strong><\/td>\n<td width=\"125\">Cojinete De Zafiro<\/td>\n<td width=\"245\">Conexi\u00f3n De Brida<\/td>\n<\/tr>\n<tr>\n<td width=\"125\"><strong>POL00375804<\/strong><\/td>\n<td width=\"125\">Cojinete Cer\u00e1mico<\/td>\n<td width=\"245\">Conexi\u00f3n De Brida<\/td>\n<\/tr>\n<\/tbody>\n<\/table>\n","protected":false},"excerpt":{"rendered":"<p>C\u00d3DIGO Especificaciones Conexi\u00f3n POL00375908 Cojinete De Zafiro Conexi\u00f3n De Brida POL00375804 Cojinete Cer\u00e1mico Conexi\u00f3n De Brida<\/p>\n","protected":false},"featured_media":22388,"comment_status":"open","ping_status":"closed","template":"","meta":{"_acf_changed":false},"product_cat":[197,220],"product_tag":[],"class_list":{"0":"post-22407","1":"product","2":"type-product","3":"status-publish","4":"has-post-thumbnail","6":"product_cat-caudalimetros","7":"product_cat-caudalimetros-de-turbina","9":"first","10":"instock","11":"shipping-taxable","12":"product-type-simple"},"acf":[],"_links":{"self":[{"href":"https:\/\/toyman.com.tr\/es\/wp-json\/wp\/v2\/product\/22407","targetHints":{"allow":["GET"]}}],"collection":[{"href":"https:\/\/toyman.com.tr\/es\/wp-json\/wp\/v2\/product"}],"about":[{"href":"https:\/\/toyman.com.tr\/es\/wp-json\/wp\/v2\/types\/product"}],"replies":[{"embeddable":true,"href":"https:\/\/toyman.com.tr\/es\/wp-json\/wp\/v2\/comments?post=22407"}],"version-history":[{"count":3,"href":"https:\/\/toyman.com.tr\/es\/wp-json\/wp\/v2\/product\/22407\/revisions"}],"predecessor-version":[{"id":25555,"href":"https:\/\/toyman.com.tr\/es\/wp-json\/wp\/v2\/product\/22407\/revisions\/25555"}],"wp:featuredmedia":[{"embeddable":true,"href":"https:\/\/toyman.com.tr\/es\/wp-json\/wp\/v2\/media\/22388"}],"wp:attachment":[{"href":"https:\/\/toyman.com.tr\/es\/wp-json\/wp\/v2\/media?parent=22407"}],"wp:term":[{"taxonomy":"product_cat","embeddable":true,"href":"https:\/\/toyman.com.tr\/es\/wp-json\/wp\/v2\/product_cat?post=22407"},{"taxonomy":"product_tag","embeddable":true,"href":"https:\/\/toyman.com.tr\/es\/wp-json\/wp\/v2\/product_tag?post=22407"}],"curies":[{"name":"wp","href":"https:\/\/api.w.org\/{rel}","templated":true}]}}