{"id":22414,"date":"2025-10-01T10:42:17","date_gmt":"2025-10-01T10:42:17","guid":{"rendered":"https:\/\/toyman.com.tr\/?post_type=product&#038;p=22414"},"modified":"2025-10-01T10:55:38","modified_gmt":"2025-10-01T10:55:38","slug":"caudalimetro-de-turbina-de-control-rapido-20-bar-kopya-3","status":"publish","type":"product","link":"https:\/\/toyman.com.tr\/es\/urun\/caudalimetro-de-turbina-de-control-rapido-20-bar-kopya-3\/","title":{"rendered":"CAUDAL\u00cdMETRO ELECTROMAGN\u00c9T\u0130CO"},"content":{"rendered":"<table width=\"370\">\n<tbody>\n<tr>\n<td width=\"125\">C\u00d3DIGO<\/td>\n<td width=\"300\">Conexi\u00f3n<\/td>\n<\/tr>\n<tr>\n<td width=\"125\"><strong>POL00377053.TOY<\/strong><\/td>\n<td width=\"245\">Conexi\u00f3n De Horquilla Hembra S5 &#8211; Macho S5<\/td>\n<\/tr>\n<\/tbody>\n<\/table>\n<p>&nbsp;<\/p>\n<p>&nbsp;<\/p>\n","protected":false},"excerpt":{"rendered":"<p>C\u00d3DIGO Conexi\u00f3n POL00377053.TOY Conexi\u00f3n De Horquilla Hembra S5 &#8211; Macho S5 &nbsp; &nbsp;<\/p>\n","protected":false},"featured_media":22394,"comment_status":"open","ping_status":"closed","template":"","meta":{"_acf_changed":false},"product_cat":[197,218],"product_tag":[],"class_list":{"0":"post-22414","1":"product","2":"type-product","3":"status-publish","4":"has-post-thumbnail","6":"product_cat-caudalimetros","7":"product_cat-caudalimetros-electromagneticos","9":"first","10":"instock","11":"shipping-taxable","12":"product-type-simple"},"acf":[],"_links":{"self":[{"href":"https:\/\/toyman.com.tr\/es\/wp-json\/wp\/v2\/product\/22414","targetHints":{"allow":["GET"]}}],"collection":[{"href":"https:\/\/toyman.com.tr\/es\/wp-json\/wp\/v2\/product"}],"about":[{"href":"https:\/\/toyman.com.tr\/es\/wp-json\/wp\/v2\/types\/product"}],"replies":[{"embeddable":true,"href":"https:\/\/toyman.com.tr\/es\/wp-json\/wp\/v2\/comments?post=22414"}],"version-history":[{"count":4,"href":"https:\/\/toyman.com.tr\/es\/wp-json\/wp\/v2\/product\/22414\/revisions"}],"predecessor-version":[{"id":22434,"href":"https:\/\/toyman.com.tr\/es\/wp-json\/wp\/v2\/product\/22414\/revisions\/22434"}],"wp:featuredmedia":[{"embeddable":true,"href":"https:\/\/toyman.com.tr\/es\/wp-json\/wp\/v2\/media\/22394"}],"wp:attachment":[{"href":"https:\/\/toyman.com.tr\/es\/wp-json\/wp\/v2\/media?parent=22414"}],"wp:term":[{"taxonomy":"product_cat","embeddable":true,"href":"https:\/\/toyman.com.tr\/es\/wp-json\/wp\/v2\/product_cat?post=22414"},{"taxonomy":"product_tag","embeddable":true,"href":"https:\/\/toyman.com.tr\/es\/wp-json\/wp\/v2\/product_tag?post=22414"}],"curies":[{"name":"wp","href":"https:\/\/api.w.org\/{rel}","templated":true}]}}