{"id":24326,"date":"2025-11-03T14:06:26","date_gmt":"2025-11-03T14:06:26","guid":{"rendered":"https:\/\/toyman.com.tr\/urun\/lechleridk-120-idk-90-idkn-120\/"},"modified":"2025-11-05T06:51:16","modified_gmt":"2025-11-05T06:51:16","slug":"lechleridk-120-idk-90-idkn-120","status":"publish","type":"product","link":"https:\/\/toyman.com.tr\/es\/urun\/lechleridk-120-idk-90-idkn-120\/","title":{"rendered":"LECHLER<br>IDK 120 \/ IDK 90 \/ IDKN 120"},"content":{"rendered":"<p><img fetchpriority=\"high\" decoding=\"async\" class=\"alignnone size-full wp-image-24309\" src=\"https:\/\/toyman.com.tr\/wp-content\/uploads\/2025\/11\/IDK-120-ES.jpg\" alt=\"\" width=\"1300\" height=\"2337\" srcset=\"https:\/\/toyman.com.tr\/wp-content\/uploads\/2025\/11\/IDK-120-ES.jpg 1300w, https:\/\/toyman.com.tr\/wp-content\/uploads\/2025\/11\/IDK-120-ES-167x300.jpg 167w, https:\/\/toyman.com.tr\/wp-content\/uploads\/2025\/11\/IDK-120-ES-570x1024.jpg 570w, https:\/\/toyman.com.tr\/wp-content\/uploads\/2025\/11\/IDK-120-ES-768x1381.jpg 768w, https:\/\/toyman.com.tr\/wp-content\/uploads\/2025\/11\/IDK-120-ES-854x1536.jpg 854w, https:\/\/toyman.com.tr\/wp-content\/uploads\/2025\/11\/IDK-120-ES-1139x2048.jpg 1139w, https:\/\/toyman.com.tr\/wp-content\/uploads\/2025\/11\/IDK-120-ES-720x1294.jpg 720w, https:\/\/toyman.com.tr\/wp-content\/uploads\/2025\/11\/IDK-120-ES-600x1079.jpg 600w\" sizes=\"(max-width: 1300px) 100vw, 1300px\" \/><\/p>\n","protected":false},"excerpt":{"rendered":"<p><strong>BOQUILLAS DE PULVERIZACI\u00d3N PLANA CON INYECTOR DE AIRE COMPACTO<\/strong><br \/>\n\u2022 Reducci\u00f3n de deriva del 95% para: IDK 90-015 C y &#8211; 02 C con espaciado entre boquillas de 25 cm<br \/>\n\u2022 Reducci\u00f3n de deriva del 90% para:<br \/>\n\u2013 IDK 120-05 a &#8211; 06 \u2013 IDKN 120-03 a &#8211; 04<br \/>\n\u2022 Dise\u00f1o compacto<br \/>\n\u2022 Amplio rango de tama\u00f1o de gota, desde ultra gruesa a mediana<br \/>\n\u2022 Muy baja deriva y reducci\u00f3n de p\u00e9rdidas en el rango de presi\u00f3n de hasta 3.0 bar (Seg\u00fan el tama\u00f1o)<br \/>\n\u2022 Alternativa econ\u00f3mica a las boquillas est\u00e1ndar convencionales<br \/>\n\u2022 Muy buena estructura de deposici\u00f3n y penetraci\u00f3n en el cultivo<br \/>\n\u2022 Adecuado para PWM<\/p>\n","protected":false},"featured_media":24535,"comment_status":"open","ping_status":"closed","template":"","meta":{"_acf_changed":false},"product_cat":[119],"product_tag":[],"class_list":{"0":"post-24326","1":"product","2":"type-product","3":"status-publish","4":"has-post-thumbnail","6":"product_cat-boquillas-y-accesorios","8":"first","9":"instock","10":"shipping-taxable","11":"product-type-simple"},"acf":[],"_links":{"self":[{"href":"https:\/\/toyman.com.tr\/es\/wp-json\/wp\/v2\/product\/24326","targetHints":{"allow":["GET"]}}],"collection":[{"href":"https:\/\/toyman.com.tr\/es\/wp-json\/wp\/v2\/product"}],"about":[{"href":"https:\/\/toyman.com.tr\/es\/wp-json\/wp\/v2\/types\/product"}],"replies":[{"embeddable":true,"href":"https:\/\/toyman.com.tr\/es\/wp-json\/wp\/v2\/comments?post=24326"}],"version-history":[{"count":3,"href":"https:\/\/toyman.com.tr\/es\/wp-json\/wp\/v2\/product\/24326\/revisions"}],"predecessor-version":[{"id":24569,"href":"https:\/\/toyman.com.tr\/es\/wp-json\/wp\/v2\/product\/24326\/revisions\/24569"}],"wp:featuredmedia":[{"embeddable":true,"href":"https:\/\/toyman.com.tr\/es\/wp-json\/wp\/v2\/media\/24535"}],"wp:attachment":[{"href":"https:\/\/toyman.com.tr\/es\/wp-json\/wp\/v2\/media?parent=24326"}],"wp:term":[{"taxonomy":"product_cat","embeddable":true,"href":"https:\/\/toyman.com.tr\/es\/wp-json\/wp\/v2\/product_cat?post=24326"},{"taxonomy":"product_tag","embeddable":true,"href":"https:\/\/toyman.com.tr\/es\/wp-json\/wp\/v2\/product_tag?post=24326"}],"curies":[{"name":"wp","href":"https:\/\/api.w.org\/{rel}","templated":true}]}}