{"id":24350,"date":"2025-11-04T06:34:52","date_gmt":"2025-11-04T06:34:52","guid":{"rendered":"https:\/\/toyman.com.tr\/urun\/lechleridkt\/"},"modified":"2025-11-05T06:53:15","modified_gmt":"2025-11-05T06:53:15","slug":"lechleridkt","status":"publish","type":"product","link":"https:\/\/toyman.com.tr\/es\/urun\/lechleridkt\/","title":{"rendered":"LECHLER<br>IDKT"},"content":{"rendered":"<p><img fetchpriority=\"high\" decoding=\"async\" class=\"alignnone size-full wp-image-24343\" src=\"https:\/\/toyman.com.tr\/wp-content\/uploads\/2025\/11\/IDKT-ES.jpg\" alt=\"\" width=\"1300\" height=\"2303\" srcset=\"https:\/\/toyman.com.tr\/wp-content\/uploads\/2025\/11\/IDKT-ES.jpg 1300w, https:\/\/toyman.com.tr\/wp-content\/uploads\/2025\/11\/IDKT-ES-169x300.jpg 169w, https:\/\/toyman.com.tr\/wp-content\/uploads\/2025\/11\/IDKT-ES-578x1024.jpg 578w, https:\/\/toyman.com.tr\/wp-content\/uploads\/2025\/11\/IDKT-ES-768x1361.jpg 768w, https:\/\/toyman.com.tr\/wp-content\/uploads\/2025\/11\/IDKT-ES-867x1536.jpg 867w, https:\/\/toyman.com.tr\/wp-content\/uploads\/2025\/11\/IDKT-ES-1156x2048.jpg 1156w, https:\/\/toyman.com.tr\/wp-content\/uploads\/2025\/11\/IDKT-ES-720x1276.jpg 720w, https:\/\/toyman.com.tr\/wp-content\/uploads\/2025\/11\/IDKT-ES-600x1063.jpg 600w\" sizes=\"(max-width: 1300px) 100vw, 1300px\" \/><\/p>\n","protected":false},"excerpt":{"rendered":"<p><strong>BOQUILLAS DE PULVERIZACI\u00d3N PLANAS GEMELAS CON INYECTOR DE AIRE SIM\u00c9TRICO COMPACTO IDKT<\/strong><\/p>\n<ul>\n<li>Deposici\u00f3n \u00f3ptima gracias al chorro plano doble sim\u00e9trico 30\u00b0\/30\u00b0<\/li>\n<li>Sombra de pulverizaci\u00f3n reducida<\/li>\n<li>Reducci\u00f3n de la deriva del 90 % para: IDKT 120-02 a &#8211; 06<\/li>\n<li>Dise\u00f1o compacto<\/li>\n<li>Baja deriva y reducci\u00f3n de p\u00e9rdidas en el rango de presi\u00f3n de hasta 3 bar (Seg\u00fan el tama\u00f1o)<\/li>\n<li>Adecuado para PWM<\/li>\n<\/ul>\n","protected":false},"featured_media":24538,"comment_status":"open","ping_status":"closed","template":"","meta":{"_acf_changed":false},"product_cat":[119],"product_tag":[],"class_list":{"0":"post-24350","1":"product","2":"type-product","3":"status-publish","4":"has-post-thumbnail","6":"product_cat-boquillas-y-accesorios","8":"first","9":"instock","10":"shipping-taxable","11":"product-type-simple"},"acf":[],"_links":{"self":[{"href":"https:\/\/toyman.com.tr\/es\/wp-json\/wp\/v2\/product\/24350","targetHints":{"allow":["GET"]}}],"collection":[{"href":"https:\/\/toyman.com.tr\/es\/wp-json\/wp\/v2\/product"}],"about":[{"href":"https:\/\/toyman.com.tr\/es\/wp-json\/wp\/v2\/types\/product"}],"replies":[{"embeddable":true,"href":"https:\/\/toyman.com.tr\/es\/wp-json\/wp\/v2\/comments?post=24350"}],"version-history":[{"count":3,"href":"https:\/\/toyman.com.tr\/es\/wp-json\/wp\/v2\/product\/24350\/revisions"}],"predecessor-version":[{"id":24571,"href":"https:\/\/toyman.com.tr\/es\/wp-json\/wp\/v2\/product\/24350\/revisions\/24571"}],"wp:featuredmedia":[{"embeddable":true,"href":"https:\/\/toyman.com.tr\/es\/wp-json\/wp\/v2\/media\/24538"}],"wp:attachment":[{"href":"https:\/\/toyman.com.tr\/es\/wp-json\/wp\/v2\/media?parent=24350"}],"wp:term":[{"taxonomy":"product_cat","embeddable":true,"href":"https:\/\/toyman.com.tr\/es\/wp-json\/wp\/v2\/product_cat?post=24350"},{"taxonomy":"product_tag","embeddable":true,"href":"https:\/\/toyman.com.tr\/es\/wp-json\/wp\/v2\/product_tag?post=24350"}],"curies":[{"name":"wp","href":"https:\/\/api.w.org\/{rel}","templated":true}]}}