{"id":24485,"date":"2025-11-04T10:20:19","date_gmt":"2025-11-04T10:20:19","guid":{"rendered":"https:\/\/toyman.com.tr\/urun\/lechlertr-60-tr-80\/"},"modified":"2025-11-05T06:52:59","modified_gmt":"2025-11-05T06:52:59","slug":"lechlertr-60-tr-80","status":"publish","type":"product","link":"https:\/\/toyman.com.tr\/es\/urun\/lechlertr-60-tr-80\/","title":{"rendered":"LECHLER<br>TR 60 \/ TR 80"},"content":{"rendered":"<p><img fetchpriority=\"high\" decoding=\"async\" class=\"alignnone size-full wp-image-24482\" src=\"https:\/\/toyman.com.tr\/wp-content\/uploads\/2025\/11\/TR60-ES.jpg\" alt=\"\" width=\"1300\" height=\"2209\" srcset=\"https:\/\/toyman.com.tr\/wp-content\/uploads\/2025\/11\/TR60-ES.jpg 1300w, https:\/\/toyman.com.tr\/wp-content\/uploads\/2025\/11\/TR60-ES-177x300.jpg 177w, https:\/\/toyman.com.tr\/wp-content\/uploads\/2025\/11\/TR60-ES-603x1024.jpg 603w, https:\/\/toyman.com.tr\/wp-content\/uploads\/2025\/11\/TR60-ES-768x1305.jpg 768w, https:\/\/toyman.com.tr\/wp-content\/uploads\/2025\/11\/TR60-ES-904x1536.jpg 904w, https:\/\/toyman.com.tr\/wp-content\/uploads\/2025\/11\/TR60-ES-1205x2048.jpg 1205w, https:\/\/toyman.com.tr\/wp-content\/uploads\/2025\/11\/TR60-ES-720x1223.jpg 720w, https:\/\/toyman.com.tr\/wp-content\/uploads\/2025\/11\/TR60-ES-600x1020.jpg 600w\" sizes=\"(max-width: 1300px) 100vw, 1300px\" \/><\/p>\n","protected":false},"excerpt":{"rendered":"<p><strong>BOQU\u0130LLA DE CONO HUECO<\/strong><br \/>\n<strong>TR 60<\/strong><br \/>\n\u2022 Imagen mejorada del flujo de aire gracias al \u00e1ngulo de pulverizaci\u00f3n de 60\u00b0<br \/>\n\u2022 Manejo sencillo tambi\u00e9n con guantes de protecci\u00f3n.<br \/>\n\u2022 Extracci\u00f3n r\u00e1pida del inserto sin herramientas para su limpieza.<br \/>\n\u2022 Mayor estabilidad gracias a la carcasa reforzada<br \/>\n\u2022 Patr\u00f3n de rociado a\u00fan m\u00e1s uniforme gracias al nuevo dise\u00f1o de inserto en espiral<br \/>\n\u2022 Mayor resistencia al desgaste.<br \/>\n\u2022 Disponible con collar de boquilla de 2 mm y 5 mm<br \/>\n\u2022 Adecuado para PWM<\/p>\n<p><strong>TR 80<\/strong><br \/>\n\u2022 Espectro de gotas estrecho y optimizado<br \/>\n\u2022 Las gotas finas garantizan una alta cobertura<br \/>\n\u2022 El inserto de la boquilla est\u00e1 asegurado para evitar que se caiga mediante un cierre a presi\u00f3n<br \/>\n\u2022 Resistente a las obstrucciones gracias alorificio redondo<br \/>\n\u2022 Adecuado para PWM<\/p>\n","protected":false},"featured_media":24544,"comment_status":"open","ping_status":"closed","template":"","meta":{"_acf_changed":false},"product_cat":[119],"product_tag":[],"class_list":{"0":"post-24485","1":"product","2":"type-product","3":"status-publish","4":"has-post-thumbnail","6":"product_cat-boquillas-y-accesorios","8":"first","9":"instock","10":"shipping-taxable","11":"product-type-simple"},"acf":[],"_links":{"self":[{"href":"https:\/\/toyman.com.tr\/es\/wp-json\/wp\/v2\/product\/24485","targetHints":{"allow":["GET"]}}],"collection":[{"href":"https:\/\/toyman.com.tr\/es\/wp-json\/wp\/v2\/product"}],"about":[{"href":"https:\/\/toyman.com.tr\/es\/wp-json\/wp\/v2\/types\/product"}],"replies":[{"embeddable":true,"href":"https:\/\/toyman.com.tr\/es\/wp-json\/wp\/v2\/comments?post=24485"}],"version-history":[{"count":3,"href":"https:\/\/toyman.com.tr\/es\/wp-json\/wp\/v2\/product\/24485\/revisions"}],"predecessor-version":[{"id":24570,"href":"https:\/\/toyman.com.tr\/es\/wp-json\/wp\/v2\/product\/24485\/revisions\/24570"}],"wp:featuredmedia":[{"embeddable":true,"href":"https:\/\/toyman.com.tr\/es\/wp-json\/wp\/v2\/media\/24544"}],"wp:attachment":[{"href":"https:\/\/toyman.com.tr\/es\/wp-json\/wp\/v2\/media?parent=24485"}],"wp:term":[{"taxonomy":"product_cat","embeddable":true,"href":"https:\/\/toyman.com.tr\/es\/wp-json\/wp\/v2\/product_cat?post=24485"},{"taxonomy":"product_tag","embeddable":true,"href":"https:\/\/toyman.com.tr\/es\/wp-json\/wp\/v2\/product_tag?post=24485"}],"curies":[{"name":"wp","href":"https:\/\/api.w.org\/{rel}","templated":true}]}}